{"id":171,"date":"2019-12-30T09:43:12","date_gmt":"2019-12-30T09:43:12","guid":{"rendered":"https:\/\/www.dentallinyola.com\/wp\/?page_id=171"},"modified":"2025-07-16T07:05:04","modified_gmt":"2025-07-16T07:05:04","slug":"concertar-cita","status":"publish","type":"page","link":"https:\/\/www.dentallinyola.com\/es\/concertar-cita\/","title":{"rendered":"CONCERTAR CITA"},"content":{"rendered":"\t\t<div data-elementor-type=\"wp-page\" data-elementor-id=\"171\" class=\"elementor elementor-171\" data-elementor-post-type=\"page\">\n\t\t\t\t\t\t<section class=\"elementor-section elementor-top-section elementor-element elementor-element-f7df7dc elementor-section-height-min-height elementor-hidden-phone elementor-hidden-tablet elementor-section-boxed elementor-section-height-default elementor-section-items-middle\" data-id=\"f7df7dc\" data-element_type=\"section\" id=\"click-map\" data-settings=\"{&quot;background_background&quot;:&quot;classic&quot;}\">\n\t\t\t\t\t\t\t<div class=\"elementor-background-overlay\"><\/div>\n\t\t\t\t\t\t\t<div class=\"elementor-container elementor-column-gap-default\">\n\t\t\t\t\t<div class=\"make-column-clickable-elementor elementor-column elementor-col-50 elementor-top-column elementor-element elementor-element-20693c2\" style=\"cursor: pointer;\" data-column-clickable=\"https:\/\/www.google.com\/maps\/dir\/\/Carrer+Salmeron,+7,+1+2,+25240+Linyola,+Lleida\/@41.7108832,0.9026995,20z\/data=!4m8!4m7!1m0!1m5!1m1!1s0x12a6ecd3bd98d8f9:0xa269e030e91ae5fd!2m2!1d0.9026019!2d41.7109239?hl=ca&#038;authuser=0&#038;entry=ttu&#038;g_ep=EgoyMDI1MDcxMy4wIKXMDSoASAFQAw%3D%3D\" data-column-clickable-blank=\"_blank\" data-id=\"20693c2\" data-element_type=\"column\">\n\t\t\t<div class=\"elementor-widget-wrap\">\n\t\t\t\t\t\t\t<\/div>\n\t\t<\/div>\n\t\t\t\t<div class=\"make-column-clickable-elementor elementor-column elementor-col-50 elementor-top-column elementor-element elementor-element-bbe7dad\" style=\"cursor: pointer;\" data-column-clickable=\"https:\/\/www.google.com\/maps\/dir\/\/Carrer+Salmeron,+7,+1+2,+25240+Linyola,+Lleida\/@41.7108832,0.9026995,20z\/data=!4m8!4m7!1m0!1m5!1m1!1s0x12a6ecd3bd98d8f9:0xa269e030e91ae5fd!2m2!1d0.9026019!2d41.7109239?hl=ca&#038;authuser=0&#038;entry=ttu&#038;g_ep=EgoyMDI1MDcxMy4wIKXMDSoASAFQAw%3D%3D\" data-column-clickable-blank=\"_blank\" data-id=\"bbe7dad\" data-element_type=\"column\">\n\t\t\t<div class=\"elementor-widget-wrap elementor-element-populated\">\n\t\t\t\t\t\t<div class=\"elementor-element elementor-element-33aced5 elementor-widget elementor-widget-heading\" data-id=\"33aced5\" data-element_type=\"widget\" data-widget_type=\"heading.default\">\n\t\t\t\t<div class=\"elementor-widget-container\">\n\t\t\t\t\t<h1 class=\"elementor-heading-title elementor-size-default\">SOMOS TU<br>DENTISTA A<br>MOLLERUSSA Y<br>COMARCA!<\/h1>\t\t\t\t<\/div>\n\t\t\t\t<\/div>\n\t\t\t\t\t<\/div>\n\t\t<\/div>\n\t\t\t\t\t<\/div>\n\t\t<\/section>\n\t\t\t\t<section class=\"elementor-section elementor-top-section elementor-element elementor-element-cfa89ef elementor-section-height-min-height elementor-hidden-desktop elementor-section-boxed elementor-section-height-default elementor-section-items-middle\" data-id=\"cfa89ef\" data-element_type=\"section\" data-settings=\"{&quot;background_background&quot;:&quot;classic&quot;}\">\n\t\t\t\t\t\t\t<div class=\"elementor-background-overlay\"><\/div>\n\t\t\t\t\t\t\t<div class=\"elementor-container elementor-column-gap-default\">\n\t\t\t\t\t<div class=\"elementor-column elementor-col-100 elementor-top-column elementor-element elementor-element-14bc9ed\" data-id=\"14bc9ed\" data-element_type=\"column\">\n\t\t\t<div class=\"elementor-widget-wrap\">\n\t\t\t\t\t\t\t<\/div>\n\t\t<\/div>\n\t\t\t\t\t<\/div>\n\t\t<\/section>\n\t\t\t\t<section class=\"elementor-section elementor-top-section elementor-element elementor-element-7140a8b elementor-section-boxed elementor-section-height-default elementor-section-height-default\" data-id=\"7140a8b\" data-element_type=\"section\">\n\t\t\t\t\t\t<div class=\"elementor-container elementor-column-gap-default\">\n\t\t\t\t\t<div class=\"elementor-column elementor-col-100 elementor-top-column elementor-element elementor-element-276e6a8\" data-id=\"276e6a8\" data-element_type=\"column\">\n\t\t\t<div class=\"elementor-widget-wrap elementor-element-populated\">\n\t\t\t\t\t\t<div class=\"elementor-element elementor-element-f86a1d2 elementor-widget elementor-widget-heading\" data-id=\"f86a1d2\" data-element_type=\"widget\" data-widget_type=\"heading.default\">\n\t\t\t\t<div class=\"elementor-widget-container\">\n\t\t\t\t\t<h1 class=\"elementor-heading-title elementor-size-default\">CONCERTAR CITA<\/h1>\t\t\t\t<\/div>\n\t\t\t\t<\/div>\n\t\t\t\t<div class=\"elementor-element elementor-element-da725df elementor-widget elementor-widget-text-editor\" data-id=\"da725df\" data-element_type=\"widget\" data-widget_type=\"text-editor.default\">\n\t\t\t\t<div class=\"elementor-widget-container\">\n\t\t\t\t\t\t\t\t\tPara reservar hora o cualquier otra consulta ll\u00e1manos, env\u00edanos un correo electr\u00f3nico o visita nuestra cl\u00ednica.\t\t\t\t\t\t\t\t<\/div>\n\t\t\t\t<\/div>\n\t\t\t\t\t<\/div>\n\t\t<\/div>\n\t\t\t\t\t<\/div>\n\t\t<\/section>\n\t\t\t\t<\/div>\n\t\t","protected":false},"excerpt":{"rendered":"<p>SOMOS TUDENTISTA AMOLLERUSSA YCOMARCA! CONCERTAR CITA Para reservar hora o cualquier otra consulta ll\u00e1manos, env\u00edanos un correo electr\u00f3nico o visita nuestra cl\u00ednica.<\/p>\n","protected":false},"author":1,"featured_media":0,"parent":0,"menu_order":5,"comment_status":"closed","ping_status":"closed","template":"","meta":{"footnotes":""},"class_list":["post-171","page","type-page","status-publish"],"yoast_head":"<!-- This site is optimized with the Yoast SEO plugin v26.4 - https:\/\/yoast.com\/wordpress\/plugins\/seo\/ -->\n<title>Dental Linyola - No te lo pienses y concierta cita con nosotros.<\/title>\n<meta name=\"description\" content=\"Para reservar hora o cualquier otra consulta, ll\u00e1manos, env\u00edanos un correo electr\u00f3nico o visita nuestra cl\u00ednica a Dental Linyola.\" \/>\n<meta name=\"robots\" content=\"index, follow, max-snippet:-1, max-image-preview:large, max-video-preview:-1\" \/>\n<link rel=\"canonical\" href=\"https:\/\/www.dentallinyola.com\/es\/concertar-cita\/\" \/>\n<meta property=\"og:locale\" content=\"es_ES\" \/>\n<meta property=\"og:type\" content=\"article\" \/>\n<meta property=\"og:title\" content=\"Dental Linyola - No te lo pienses y concierta cita con nosotros.\" \/>\n<meta property=\"og:description\" content=\"Para reservar hora o cualquier otra consulta, ll\u00e1manos, env\u00edanos un correo electr\u00f3nico o visita nuestra cl\u00ednica a Dental Linyola.\" \/>\n<meta property=\"og:url\" content=\"https:\/\/www.dentallinyola.com\/es\/concertar-cita\/\" \/>\n<meta property=\"og:site_name\" content=\"Dental Linyola\" \/>\n<meta property=\"article:modified_time\" content=\"2025-07-16T07:05:04+00:00\" \/>\n<meta name=\"twitter:card\" content=\"summary_large_image\" \/>\n<meta name=\"twitter:label1\" content=\"Tiempo de lectura\" \/>\n\t<meta name=\"twitter:data1\" content=\"1 minuto\" \/>\n<script type=\"application\/ld+json\" class=\"yoast-schema-graph\">{\"@context\":\"https:\/\/schema.org\",\"@graph\":[{\"@type\":\"WebPage\",\"@id\":\"https:\/\/www.dentallinyola.com\/es\/concertar-cita\/\",\"url\":\"https:\/\/www.dentallinyola.com\/es\/concertar-cita\/\",\"name\":\"Dental Linyola - No te lo pienses y concierta cita con nosotros.\",\"isPartOf\":{\"@id\":\"https:\/\/www.dentallinyola.com\/es\/#website\"},\"datePublished\":\"2019-12-30T09:43:12+00:00\",\"dateModified\":\"2025-07-16T07:05:04+00:00\",\"description\":\"Para reservar hora o cualquier otra consulta, ll\u00e1manos, env\u00edanos un correo electr\u00f3nico o visita nuestra cl\u00ednica a Dental Linyola.\",\"breadcrumb\":{\"@id\":\"https:\/\/www.dentallinyola.com\/es\/concertar-cita\/#breadcrumb\"},\"inLanguage\":\"es\",\"potentialAction\":[{\"@type\":\"ReadAction\",\"target\":[\"https:\/\/www.dentallinyola.com\/es\/concertar-cita\/\"]}]},{\"@type\":\"BreadcrumbList\",\"@id\":\"https:\/\/www.dentallinyola.com\/es\/concertar-cita\/#breadcrumb\",\"itemListElement\":[{\"@type\":\"ListItem\",\"position\":1,\"name\":\"Portada\",\"item\":\"https:\/\/www.dentallinyola.com\/es\/\"},{\"@type\":\"ListItem\",\"position\":2,\"name\":\"CONCERTAR CITA\"}]},{\"@type\":\"WebSite\",\"@id\":\"https:\/\/www.dentallinyola.com\/es\/#website\",\"url\":\"https:\/\/www.dentallinyola.com\/es\/\",\"name\":\"Dental Linyola\",\"description\":\"Otro sitio realizado con WordPress\",\"publisher\":{\"@id\":\"https:\/\/www.dentallinyola.com\/es\/#organization\"},\"potentialAction\":[{\"@type\":\"SearchAction\",\"target\":{\"@type\":\"EntryPoint\",\"urlTemplate\":\"https:\/\/www.dentallinyola.com\/es\/?s={search_term_string}\"},\"query-input\":{\"@type\":\"PropertyValueSpecification\",\"valueRequired\":true,\"valueName\":\"search_term_string\"}}],\"inLanguage\":\"es\"},{\"@type\":\"Organization\",\"@id\":\"https:\/\/www.dentallinyola.com\/es\/#organization\",\"name\":\"Dental Linyola\",\"url\":\"https:\/\/www.dentallinyola.com\/es\/\",\"logo\":{\"@type\":\"ImageObject\",\"inLanguage\":\"es\",\"@id\":\"https:\/\/www.dentallinyola.com\/es\/#\/schema\/logo\/image\/\",\"url\":\"https:\/\/www.dentallinyola.com\/es\/wp-content\/uploads\/sites\/2\/2019\/12\/Dental-Lintola-logo_Mesa-de-trabajo-1-min.png\",\"contentUrl\":\"https:\/\/www.dentallinyola.com\/es\/wp-content\/uploads\/sites\/2\/2019\/12\/Dental-Lintola-logo_Mesa-de-trabajo-1-min.png\",\"width\":430,\"height\":172,\"caption\":\"Dental Linyola\"},\"image\":{\"@id\":\"https:\/\/www.dentallinyola.com\/es\/#\/schema\/logo\/image\/\"}}]}<\/script>\n<!-- \/ Yoast SEO plugin. -->","yoast_head_json":{"title":"Dental Linyola - No te lo pienses y concierta cita con nosotros.","description":"Para reservar hora o cualquier otra consulta, ll\u00e1manos, env\u00edanos un correo electr\u00f3nico o visita nuestra cl\u00ednica a Dental Linyola.","robots":{"index":"index","follow":"follow","max-snippet":"max-snippet:-1","max-image-preview":"max-image-preview:large","max-video-preview":"max-video-preview:-1"},"canonical":"https:\/\/www.dentallinyola.com\/es\/concertar-cita\/","og_locale":"es_ES","og_type":"article","og_title":"Dental Linyola - No te lo pienses y concierta cita con nosotros.","og_description":"Para reservar hora o cualquier otra consulta, ll\u00e1manos, env\u00edanos un correo electr\u00f3nico o visita nuestra cl\u00ednica a Dental Linyola.","og_url":"https:\/\/www.dentallinyola.com\/es\/concertar-cita\/","og_site_name":"Dental Linyola","article_modified_time":"2025-07-16T07:05:04+00:00","twitter_card":"summary_large_image","twitter_misc":{"Tiempo de lectura":"1 minuto"},"schema":{"@context":"https:\/\/schema.org","@graph":[{"@type":"WebPage","@id":"https:\/\/www.dentallinyola.com\/es\/concertar-cita\/","url":"https:\/\/www.dentallinyola.com\/es\/concertar-cita\/","name":"Dental Linyola - No te lo pienses y concierta cita con nosotros.","isPartOf":{"@id":"https:\/\/www.dentallinyola.com\/es\/#website"},"datePublished":"2019-12-30T09:43:12+00:00","dateModified":"2025-07-16T07:05:04+00:00","description":"Para reservar hora o cualquier otra consulta, ll\u00e1manos, env\u00edanos un correo electr\u00f3nico o visita nuestra cl\u00ednica a Dental Linyola.","breadcrumb":{"@id":"https:\/\/www.dentallinyola.com\/es\/concertar-cita\/#breadcrumb"},"inLanguage":"es","potentialAction":[{"@type":"ReadAction","target":["https:\/\/www.dentallinyola.com\/es\/concertar-cita\/"]}]},{"@type":"BreadcrumbList","@id":"https:\/\/www.dentallinyola.com\/es\/concertar-cita\/#breadcrumb","itemListElement":[{"@type":"ListItem","position":1,"name":"Portada","item":"https:\/\/www.dentallinyola.com\/es\/"},{"@type":"ListItem","position":2,"name":"CONCERTAR CITA"}]},{"@type":"WebSite","@id":"https:\/\/www.dentallinyola.com\/es\/#website","url":"https:\/\/www.dentallinyola.com\/es\/","name":"Dental Linyola","description":"Otro sitio realizado con WordPress","publisher":{"@id":"https:\/\/www.dentallinyola.com\/es\/#organization"},"potentialAction":[{"@type":"SearchAction","target":{"@type":"EntryPoint","urlTemplate":"https:\/\/www.dentallinyola.com\/es\/?s={search_term_string}"},"query-input":{"@type":"PropertyValueSpecification","valueRequired":true,"valueName":"search_term_string"}}],"inLanguage":"es"},{"@type":"Organization","@id":"https:\/\/www.dentallinyola.com\/es\/#organization","name":"Dental Linyola","url":"https:\/\/www.dentallinyola.com\/es\/","logo":{"@type":"ImageObject","inLanguage":"es","@id":"https:\/\/www.dentallinyola.com\/es\/#\/schema\/logo\/image\/","url":"https:\/\/www.dentallinyola.com\/es\/wp-content\/uploads\/sites\/2\/2019\/12\/Dental-Lintola-logo_Mesa-de-trabajo-1-min.png","contentUrl":"https:\/\/www.dentallinyola.com\/es\/wp-content\/uploads\/sites\/2\/2019\/12\/Dental-Lintola-logo_Mesa-de-trabajo-1-min.png","width":430,"height":172,"caption":"Dental Linyola"},"image":{"@id":"https:\/\/www.dentallinyola.com\/es\/#\/schema\/logo\/image\/"}}]}},"_links":{"self":[{"href":"https:\/\/www.dentallinyola.com\/es\/wp-json\/wp\/v2\/pages\/171","targetHints":{"allow":["GET"]}}],"collection":[{"href":"https:\/\/www.dentallinyola.com\/es\/wp-json\/wp\/v2\/pages"}],"about":[{"href":"https:\/\/www.dentallinyola.com\/es\/wp-json\/wp\/v2\/types\/page"}],"author":[{"embeddable":true,"href":"https:\/\/www.dentallinyola.com\/es\/wp-json\/wp\/v2\/users\/1"}],"replies":[{"embeddable":true,"href":"https:\/\/www.dentallinyola.com\/es\/wp-json\/wp\/v2\/comments?post=171"}],"version-history":[{"count":22,"href":"https:\/\/www.dentallinyola.com\/es\/wp-json\/wp\/v2\/pages\/171\/revisions"}],"predecessor-version":[{"id":1085,"href":"https:\/\/www.dentallinyola.com\/es\/wp-json\/wp\/v2\/pages\/171\/revisions\/1085"}],"wp:attachment":[{"href":"https:\/\/www.dentallinyola.com\/es\/wp-json\/wp\/v2\/media?parent=171"}],"curies":[{"name":"wp","href":"https:\/\/api.w.org\/{rel}","templated":true}]}}