{"id":232,"date":"2019-12-31T07:41:42","date_gmt":"2019-12-31T07:41:42","guid":{"rendered":"https:\/\/www.dentallinyola.com\/wp\/?page_id=232"},"modified":"2020-09-24T11:01:16","modified_gmt":"2020-09-24T11:01:16","slug":"ortodoncia","status":"publish","type":"page","link":"https:\/\/www.dentallinyola.com\/es\/especialidades\/ortodoncia\/","title":{"rendered":"ORTODONCIA"},"content":{"rendered":"\t\t<div data-elementor-type=\"wp-page\" data-elementor-id=\"232\" class=\"elementor elementor-232\" data-elementor-post-type=\"page\">\n\t\t\t\t\t\t<section class=\"elementor-section elementor-top-section elementor-element elementor-element-ccafc76 elementor-section-height-min-height elementor-hidden-phone elementor-hidden-tablet elementor-section-boxed elementor-section-height-default elementor-section-items-middle\" data-id=\"ccafc76\" data-element_type=\"section\" data-settings=\"{&quot;background_background&quot;:&quot;classic&quot;}\">\n\t\t\t\t\t\t\t<div class=\"elementor-background-overlay\"><\/div>\n\t\t\t\t\t\t\t<div class=\"elementor-container elementor-column-gap-default\">\n\t\t\t\t\t<div class=\"elementor-column elementor-col-50 elementor-top-column elementor-element elementor-element-0911808\" data-id=\"0911808\" data-element_type=\"column\">\n\t\t\t<div class=\"elementor-widget-wrap\">\n\t\t\t\t\t\t\t<\/div>\n\t\t<\/div>\n\t\t\t\t<div class=\"elementor-column elementor-col-50 elementor-top-column elementor-element elementor-element-13e22da\" data-id=\"13e22da\" data-element_type=\"column\">\n\t\t\t<div class=\"elementor-widget-wrap elementor-element-populated\">\n\t\t\t\t\t\t<div class=\"elementor-element elementor-element-0af9ac2 elementor-widget elementor-widget-heading\" data-id=\"0af9ac2\" data-element_type=\"widget\" data-widget_type=\"heading.default\">\n\t\t\t\t<div class=\"elementor-widget-container\">\n\t\t\t\t\t<h1 class=\"elementor-heading-title elementor-size-default\">SERVICIO Y CALIDAD <BR> MERECEN LAS <BR> PRIORIDADES EN <BR> NUESTRA <BR> CONSULTA<\/h1>\t\t\t\t<\/div>\n\t\t\t\t<\/div>\n\t\t\t\t\t<\/div>\n\t\t<\/div>\n\t\t\t\t\t<\/div>\n\t\t<\/section>\n\t\t\t\t<section class=\"elementor-section elementor-top-section elementor-element elementor-element-ffc16a4 elementor-section-height-min-height elementor-hidden-desktop elementor-section-boxed elementor-section-height-default elementor-section-items-middle\" data-id=\"ffc16a4\" data-element_type=\"section\" data-settings=\"{&quot;background_background&quot;:&quot;classic&quot;}\">\n\t\t\t\t\t\t\t<div class=\"elementor-background-overlay\"><\/div>\n\t\t\t\t\t\t\t<div class=\"elementor-container elementor-column-gap-default\">\n\t\t\t\t\t<div class=\"elementor-column elementor-col-100 elementor-top-column elementor-element elementor-element-6761f5d\" data-id=\"6761f5d\" data-element_type=\"column\">\n\t\t\t<div class=\"elementor-widget-wrap\">\n\t\t\t\t\t\t\t<\/div>\n\t\t<\/div>\n\t\t\t\t\t<\/div>\n\t\t<\/section>\n\t\t\t\t<section class=\"elementor-section elementor-top-section elementor-element elementor-element-ce63dff elementor-section-boxed elementor-section-height-default elementor-section-height-default\" data-id=\"ce63dff\" data-element_type=\"section\">\n\t\t\t\t\t\t<div class=\"elementor-container elementor-column-gap-default\">\n\t\t\t\t\t<div class=\"elementor-column elementor-col-100 elementor-top-column elementor-element elementor-element-eb7462e\" data-id=\"eb7462e\" data-element_type=\"column\">\n\t\t\t<div class=\"elementor-widget-wrap elementor-element-populated\">\n\t\t\t\t\t\t<div class=\"elementor-element elementor-element-d93c1a7 elementor-widget elementor-widget-heading\" data-id=\"d93c1a7\" data-element_type=\"widget\" data-widget_type=\"heading.default\">\n\t\t\t\t<div class=\"elementor-widget-container\">\n\t\t\t\t\t<h1 class=\"elementor-heading-title elementor-size-default\">ORTODONCIA<\/h1>\t\t\t\t<\/div>\n\t\t\t\t<\/div>\n\t\t\t\t\t<\/div>\n\t\t<\/div>\n\t\t\t\t\t<\/div>\n\t\t<\/section>\n\t\t\t\t<section class=\"elementor-section elementor-top-section elementor-element elementor-element-7f4114b elementor-section-boxed elementor-section-height-default elementor-section-height-default\" data-id=\"7f4114b\" data-element_type=\"section\">\n\t\t\t\t\t\t<div class=\"elementor-container elementor-column-gap-default\">\n\t\t\t\t\t<div class=\"elementor-column elementor-col-100 elementor-top-column elementor-element elementor-element-f84896d\" data-id=\"f84896d\" data-element_type=\"column\">\n\t\t\t<div class=\"elementor-widget-wrap elementor-element-populated\">\n\t\t\t\t\t\t<div class=\"elementor-element elementor-element-58016ff elementor-widget elementor-widget-text-editor\" data-id=\"58016ff\" data-element_type=\"widget\" data-widget_type=\"text-editor.default\">\n\t\t\t\t<div class=\"elementor-widget-container\">\n\t\t\t\t\t\t\t\t\t<p>La Ortodoncia es una rama de la Odontolog\u00eda, que se especializa en el diagn\u00f3stico, prevenci\u00f3n y tratamiento de las irregularidades dento-faciales o mala oclusi\u00f3n (mala mordida).<\/p><p>Persigue la perfecta colocaci\u00f3n de los dientes, con sus beneficios est\u00e9ticos y de salud, as\u00ed como la normal coordinaci\u00f3n de los maxilares, consiguiendo una armon\u00eda facial.<\/p><p>Dientes sanos que funcionan bien, y una cara equilibrada que gusta al que la contempla, repercuten en la autoestima del paciente y en su aceptaci\u00f3n social.<\/p><ul><li>Ortodoncia convencional <!-- li--><\/li><li>Ortodoncia est\u00e9tica <!-- li--><\/li><li>Ortodoncia invisible <!-- li--><br \/><!-- Ul--><p>\u00a0<\/p><\/li><\/ul>\t\t\t\t\t\t\t\t<\/div>\n\t\t\t\t<\/div>\n\t\t\t\t\t<\/div>\n\t\t<\/div>\n\t\t\t\t\t<\/div>\n\t\t<\/section>\n\t\t\t\t<section class=\"elementor-section elementor-top-section elementor-element elementor-element-553d9a1 elementor-section-height-min-height elementor-hidden-phone elementor-section-boxed elementor-section-height-default elementor-section-items-middle\" data-id=\"553d9a1\" data-element_type=\"section\" data-settings=\"{&quot;background_background&quot;:&quot;classic&quot;}\">\n\t\t\t\t\t\t<div class=\"elementor-container elementor-column-gap-default\">\n\t\t\t\t\t<div class=\"elementor-column elementor-col-50 elementor-top-column elementor-element elementor-element-bca3e44\" data-id=\"bca3e44\" data-element_type=\"column\">\n\t\t\t<div class=\"elementor-widget-wrap\">\n\t\t\t\t\t\t\t<\/div>\n\t\t<\/div>\n\t\t\t\t<div class=\"elementor-column elementor-col-50 elementor-top-column elementor-element elementor-element-eba5ac0\" data-id=\"eba5ac0\" data-element_type=\"column\">\n\t\t\t<div class=\"elementor-widget-wrap elementor-element-populated\">\n\t\t\t\t\t\t<div class=\"elementor-element elementor-element-5f923e1 elementor-widget elementor-widget-heading\" data-id=\"5f923e1\" data-element_type=\"widget\" data-widget_type=\"heading.default\">\n\t\t\t\t<div class=\"elementor-widget-container\">\n\t\t\t\t\t<h2 class=\"elementor-heading-title elementor-size-default\">FINANCIACI\u00d3N A MEDIDA 100% A 2 A\u00d1OS SIN INTERESES<\/h2>\t\t\t\t<\/div>\n\t\t\t\t<\/div>\n\t\t\t\t\t<\/div>\n\t\t<\/div>\n\t\t\t\t\t<\/div>\n\t\t<\/section>\n\t\t\t\t<section class=\"elementor-section elementor-top-section elementor-element elementor-element-668f1340 elementor-section-height-min-height elementor-hidden-desktop elementor-hidden-tablet elementor-section-boxed elementor-section-height-default elementor-section-items-middle\" data-id=\"668f1340\" data-element_type=\"section\" data-settings=\"{&quot;background_background&quot;:&quot;classic&quot;}\">\n\t\t\t\t\t\t\t<div class=\"elementor-background-overlay\"><\/div>\n\t\t\t\t\t\t\t<div class=\"elementor-container elementor-column-gap-default\">\n\t\t\t\t\t<div class=\"elementor-column elementor-col-50 elementor-top-column elementor-element elementor-element-5a14f073\" data-id=\"5a14f073\" data-element_type=\"column\">\n\t\t\t<div class=\"elementor-widget-wrap\">\n\t\t\t\t\t\t\t<\/div>\n\t\t<\/div>\n\t\t\t\t<div class=\"elementor-column elementor-col-50 elementor-top-column elementor-element elementor-element-7f954ec4\" data-id=\"7f954ec4\" data-element_type=\"column\">\n\t\t\t<div class=\"elementor-widget-wrap elementor-element-populated\">\n\t\t\t\t\t\t<div class=\"elementor-element elementor-element-f0c1d7e elementor-widget elementor-widget-heading\" data-id=\"f0c1d7e\" data-element_type=\"widget\" data-widget_type=\"heading.default\">\n\t\t\t\t<div class=\"elementor-widget-container\">\n\t\t\t\t\t<h2 class=\"elementor-heading-title elementor-size-default\">FINANCIACI\u00d3N A MEDIDA 100% A 2 A\u00d1OS SIN INTERESES<\/h2>\t\t\t\t<\/div>\n\t\t\t\t<\/div>\n\t\t\t\t\t<\/div>\n\t\t<\/div>\n\t\t\t\t\t<\/div>\n\t\t<\/section>\n\t\t\t\t<\/div>\n\t\t","protected":false},"excerpt":{"rendered":"<p>SERVICIO Y CALIDAD MERECEN LAS PRIORIDADES EN NUESTRA CONSULTA ORTODONCIA La Ortodoncia es una rama de la Odontolog\u00eda, que se especializa en el diagn\u00f3stico, prevenci\u00f3n y tratamiento de las irregularidades dento-faciales o mala oclusi\u00f3n (mala mordida). Persigue la perfecta colocaci\u00f3n de los dientes, con sus beneficios est\u00e9ticos y de salud, as\u00ed como la normal coordinaci\u00f3n &#8230; <a title=\"ORTODONCIA\" class=\"read-more\" href=\"https:\/\/www.dentallinyola.com\/es\/especialidades\/ortodoncia\/\" aria-label=\"Leer m\u00e1s sobre ORTODONCIA\">Leer m\u00e1s<\/a><\/p>\n","protected":false},"author":1,"featured_media":0,"parent":234,"menu_order":1,"comment_status":"closed","ping_status":"closed","template":"","meta":{"footnotes":""},"class_list":["post-232","page","type-page","status-publish"],"yoast_head":"<!-- This site is optimized with the Yoast SEO plugin v26.4 - https:\/\/yoast.com\/wordpress\/plugins\/seo\/ -->\n<title>Dental Linyola - Especializados en Ortodoncia<\/title>\n<meta name=\"description\" content=\"Especializado en el diagn\u00f3stico, prevenci\u00f3n y tratamiento de las irregularidades dento-faciales o de mala oclusi\u00f3n y obtener beneficios est\u00e9ticos y de salud.\" \/>\n<meta name=\"robots\" content=\"index, follow, max-snippet:-1, max-image-preview:large, max-video-preview:-1\" \/>\n<link rel=\"canonical\" href=\"https:\/\/www.dentallinyola.com\/es\/especialidades\/ortodoncia\/\" \/>\n<meta property=\"og:locale\" content=\"es_ES\" \/>\n<meta property=\"og:type\" content=\"article\" \/>\n<meta property=\"og:title\" content=\"Dental Linyola - Especializados en Ortodoncia\" \/>\n<meta property=\"og:description\" content=\"Especializado en el diagn\u00f3stico, prevenci\u00f3n y tratamiento de las irregularidades dento-faciales o de mala oclusi\u00f3n y obtener beneficios est\u00e9ticos y de salud.\" \/>\n<meta property=\"og:url\" content=\"https:\/\/www.dentallinyola.com\/es\/especialidades\/ortodoncia\/\" \/>\n<meta property=\"og:site_name\" content=\"Dental Linyola\" \/>\n<meta property=\"article:modified_time\" content=\"2020-09-24T11:01:16+00:00\" \/>\n<meta name=\"twitter:card\" content=\"summary_large_image\" \/>\n<meta name=\"twitter:label1\" content=\"Tiempo de lectura\" \/>\n\t<meta name=\"twitter:data1\" content=\"1 minuto\" \/>\n<script type=\"application\/ld+json\" class=\"yoast-schema-graph\">{\"@context\":\"https:\/\/schema.org\",\"@graph\":[{\"@type\":\"WebPage\",\"@id\":\"https:\/\/www.dentallinyola.com\/es\/especialidades\/ortodoncia\/\",\"url\":\"https:\/\/www.dentallinyola.com\/es\/especialidades\/ortodoncia\/\",\"name\":\"Dental Linyola - Especializados en Ortodoncia\",\"isPartOf\":{\"@id\":\"https:\/\/www.dentallinyola.com\/es\/#website\"},\"datePublished\":\"2019-12-31T07:41:42+00:00\",\"dateModified\":\"2020-09-24T11:01:16+00:00\",\"description\":\"Especializado en el diagn\u00f3stico, prevenci\u00f3n y tratamiento de las irregularidades dento-faciales o de mala oclusi\u00f3n y obtener beneficios est\u00e9ticos y de salud.\",\"breadcrumb\":{\"@id\":\"https:\/\/www.dentallinyola.com\/es\/especialidades\/ortodoncia\/#breadcrumb\"},\"inLanguage\":\"es\",\"potentialAction\":[{\"@type\":\"ReadAction\",\"target\":[\"https:\/\/www.dentallinyola.com\/es\/especialidades\/ortodoncia\/\"]}]},{\"@type\":\"BreadcrumbList\",\"@id\":\"https:\/\/www.dentallinyola.com\/es\/especialidades\/ortodoncia\/#breadcrumb\",\"itemListElement\":[{\"@type\":\"ListItem\",\"position\":1,\"name\":\"Portada\",\"item\":\"https:\/\/www.dentallinyola.com\/es\/\"},{\"@type\":\"ListItem\",\"position\":2,\"name\":\"ESPECIALIDADES\",\"item\":\"https:\/\/www.dentallinyola.com\/es\/especialidades\/\"},{\"@type\":\"ListItem\",\"position\":3,\"name\":\"ORTODONCIA\"}]},{\"@type\":\"WebSite\",\"@id\":\"https:\/\/www.dentallinyola.com\/es\/#website\",\"url\":\"https:\/\/www.dentallinyola.com\/es\/\",\"name\":\"Dental Linyola\",\"description\":\"Otro sitio realizado con WordPress\",\"publisher\":{\"@id\":\"https:\/\/www.dentallinyola.com\/es\/#organization\"},\"potentialAction\":[{\"@type\":\"SearchAction\",\"target\":{\"@type\":\"EntryPoint\",\"urlTemplate\":\"https:\/\/www.dentallinyola.com\/es\/?s={search_term_string}\"},\"query-input\":{\"@type\":\"PropertyValueSpecification\",\"valueRequired\":true,\"valueName\":\"search_term_string\"}}],\"inLanguage\":\"es\"},{\"@type\":\"Organization\",\"@id\":\"https:\/\/www.dentallinyola.com\/es\/#organization\",\"name\":\"Dental Linyola\",\"url\":\"https:\/\/www.dentallinyola.com\/es\/\",\"logo\":{\"@type\":\"ImageObject\",\"inLanguage\":\"es\",\"@id\":\"https:\/\/www.dentallinyola.com\/es\/#\/schema\/logo\/image\/\",\"url\":\"https:\/\/www.dentallinyola.com\/es\/wp-content\/uploads\/sites\/2\/2019\/12\/Dental-Lintola-logo_Mesa-de-trabajo-1-min.png\",\"contentUrl\":\"https:\/\/www.dentallinyola.com\/es\/wp-content\/uploads\/sites\/2\/2019\/12\/Dental-Lintola-logo_Mesa-de-trabajo-1-min.png\",\"width\":430,\"height\":172,\"caption\":\"Dental Linyola\"},\"image\":{\"@id\":\"https:\/\/www.dentallinyola.com\/es\/#\/schema\/logo\/image\/\"}}]}<\/script>\n<!-- \/ Yoast SEO plugin. -->","yoast_head_json":{"title":"Dental Linyola - Especializados en Ortodoncia","description":"Especializado en el diagn\u00f3stico, prevenci\u00f3n y tratamiento de las irregularidades dento-faciales o de mala oclusi\u00f3n y obtener beneficios est\u00e9ticos y de salud.","robots":{"index":"index","follow":"follow","max-snippet":"max-snippet:-1","max-image-preview":"max-image-preview:large","max-video-preview":"max-video-preview:-1"},"canonical":"https:\/\/www.dentallinyola.com\/es\/especialidades\/ortodoncia\/","og_locale":"es_ES","og_type":"article","og_title":"Dental Linyola - Especializados en Ortodoncia","og_description":"Especializado en el diagn\u00f3stico, prevenci\u00f3n y tratamiento de las irregularidades dento-faciales o de mala oclusi\u00f3n y obtener beneficios est\u00e9ticos y de salud.","og_url":"https:\/\/www.dentallinyola.com\/es\/especialidades\/ortodoncia\/","og_site_name":"Dental Linyola","article_modified_time":"2020-09-24T11:01:16+00:00","twitter_card":"summary_large_image","twitter_misc":{"Tiempo de lectura":"1 minuto"},"schema":{"@context":"https:\/\/schema.org","@graph":[{"@type":"WebPage","@id":"https:\/\/www.dentallinyola.com\/es\/especialidades\/ortodoncia\/","url":"https:\/\/www.dentallinyola.com\/es\/especialidades\/ortodoncia\/","name":"Dental Linyola - Especializados en Ortodoncia","isPartOf":{"@id":"https:\/\/www.dentallinyola.com\/es\/#website"},"datePublished":"2019-12-31T07:41:42+00:00","dateModified":"2020-09-24T11:01:16+00:00","description":"Especializado en el diagn\u00f3stico, prevenci\u00f3n y tratamiento de las irregularidades dento-faciales o de mala oclusi\u00f3n y obtener beneficios est\u00e9ticos y de salud.","breadcrumb":{"@id":"https:\/\/www.dentallinyola.com\/es\/especialidades\/ortodoncia\/#breadcrumb"},"inLanguage":"es","potentialAction":[{"@type":"ReadAction","target":["https:\/\/www.dentallinyola.com\/es\/especialidades\/ortodoncia\/"]}]},{"@type":"BreadcrumbList","@id":"https:\/\/www.dentallinyola.com\/es\/especialidades\/ortodoncia\/#breadcrumb","itemListElement":[{"@type":"ListItem","position":1,"name":"Portada","item":"https:\/\/www.dentallinyola.com\/es\/"},{"@type":"ListItem","position":2,"name":"ESPECIALIDADES","item":"https:\/\/www.dentallinyola.com\/es\/especialidades\/"},{"@type":"ListItem","position":3,"name":"ORTODONCIA"}]},{"@type":"WebSite","@id":"https:\/\/www.dentallinyola.com\/es\/#website","url":"https:\/\/www.dentallinyola.com\/es\/","name":"Dental Linyola","description":"Otro sitio realizado con WordPress","publisher":{"@id":"https:\/\/www.dentallinyola.com\/es\/#organization"},"potentialAction":[{"@type":"SearchAction","target":{"@type":"EntryPoint","urlTemplate":"https:\/\/www.dentallinyola.com\/es\/?s={search_term_string}"},"query-input":{"@type":"PropertyValueSpecification","valueRequired":true,"valueName":"search_term_string"}}],"inLanguage":"es"},{"@type":"Organization","@id":"https:\/\/www.dentallinyola.com\/es\/#organization","name":"Dental Linyola","url":"https:\/\/www.dentallinyola.com\/es\/","logo":{"@type":"ImageObject","inLanguage":"es","@id":"https:\/\/www.dentallinyola.com\/es\/#\/schema\/logo\/image\/","url":"https:\/\/www.dentallinyola.com\/es\/wp-content\/uploads\/sites\/2\/2019\/12\/Dental-Lintola-logo_Mesa-de-trabajo-1-min.png","contentUrl":"https:\/\/www.dentallinyola.com\/es\/wp-content\/uploads\/sites\/2\/2019\/12\/Dental-Lintola-logo_Mesa-de-trabajo-1-min.png","width":430,"height":172,"caption":"Dental Linyola"},"image":{"@id":"https:\/\/www.dentallinyola.com\/es\/#\/schema\/logo\/image\/"}}]}},"_links":{"self":[{"href":"https:\/\/www.dentallinyola.com\/es\/wp-json\/wp\/v2\/pages\/232","targetHints":{"allow":["GET"]}}],"collection":[{"href":"https:\/\/www.dentallinyola.com\/es\/wp-json\/wp\/v2\/pages"}],"about":[{"href":"https:\/\/www.dentallinyola.com\/es\/wp-json\/wp\/v2\/types\/page"}],"author":[{"embeddable":true,"href":"https:\/\/www.dentallinyola.com\/es\/wp-json\/wp\/v2\/users\/1"}],"replies":[{"embeddable":true,"href":"https:\/\/www.dentallinyola.com\/es\/wp-json\/wp\/v2\/comments?post=232"}],"version-history":[{"count":21,"href":"https:\/\/www.dentallinyola.com\/es\/wp-json\/wp\/v2\/pages\/232\/revisions"}],"predecessor-version":[{"id":862,"href":"https:\/\/www.dentallinyola.com\/es\/wp-json\/wp\/v2\/pages\/232\/revisions\/862"}],"up":[{"embeddable":true,"href":"https:\/\/www.dentallinyola.com\/es\/wp-json\/wp\/v2\/pages\/234"}],"wp:attachment":[{"href":"https:\/\/www.dentallinyola.com\/es\/wp-json\/wp\/v2\/media?parent=232"}],"curies":[{"name":"wp","href":"https:\/\/api.w.org\/{rel}","templated":true}]}}