{"id":242,"date":"2019-12-31T07:46:32","date_gmt":"2019-12-31T07:46:32","guid":{"rendered":"https:\/\/www.dentallinyola.com\/wp\/?page_id=242"},"modified":"2020-09-24T11:02:34","modified_gmt":"2020-09-24T11:02:34","slug":"cosmetica-dental","status":"publish","type":"page","link":"https:\/\/www.dentallinyola.com\/es\/especialidades\/cosmetica-dental\/","title":{"rendered":"COSM\u00c9TICA DENTAL"},"content":{"rendered":"\t\t<div data-elementor-type=\"wp-page\" data-elementor-id=\"242\" class=\"elementor elementor-242\" data-elementor-post-type=\"page\">\n\t\t\t\t\t\t<section class=\"elementor-section elementor-top-section elementor-element elementor-element-32c0070c elementor-section-height-min-height elementor-hidden-phone elementor-hidden-tablet elementor-section-boxed elementor-section-height-default elementor-section-items-middle\" data-id=\"32c0070c\" data-element_type=\"section\" data-settings=\"{&quot;background_background&quot;:&quot;classic&quot;}\">\n\t\t\t\t\t\t\t<div class=\"elementor-background-overlay\"><\/div>\n\t\t\t\t\t\t\t<div class=\"elementor-container elementor-column-gap-default\">\n\t\t\t\t\t<div class=\"elementor-column elementor-col-50 elementor-top-column elementor-element elementor-element-46909c1\" data-id=\"46909c1\" data-element_type=\"column\">\n\t\t\t<div class=\"elementor-widget-wrap\">\n\t\t\t\t\t\t\t<\/div>\n\t\t<\/div>\n\t\t\t\t<div class=\"elementor-column elementor-col-50 elementor-top-column elementor-element elementor-element-2bb35d8f\" data-id=\"2bb35d8f\" data-element_type=\"column\">\n\t\t\t<div class=\"elementor-widget-wrap elementor-element-populated\">\n\t\t\t\t\t\t<div class=\"elementor-element elementor-element-5013f677 elementor-widget elementor-widget-heading\" data-id=\"5013f677\" data-element_type=\"widget\" data-widget_type=\"heading.default\">\n\t\t\t\t<div class=\"elementor-widget-container\">\n\t\t\t\t\t<h1 class=\"elementor-heading-title elementor-size-default\">SERVICIO Y CALIDAD <BR> MERECEN LAS <BR> PRIORIDADES EN <BR> NUESTRA <BR> CONSULTA<\/h1>\t\t\t\t<\/div>\n\t\t\t\t<\/div>\n\t\t\t\t\t<\/div>\n\t\t<\/div>\n\t\t\t\t\t<\/div>\n\t\t<\/section>\n\t\t\t\t<section class=\"elementor-section elementor-top-section elementor-element elementor-element-4871f66b elementor-section-height-min-height elementor-hidden-desktop elementor-section-boxed elementor-section-height-default elementor-section-items-middle\" data-id=\"4871f66b\" data-element_type=\"section\" data-settings=\"{&quot;background_background&quot;:&quot;classic&quot;}\">\n\t\t\t\t\t\t\t<div class=\"elementor-background-overlay\"><\/div>\n\t\t\t\t\t\t\t<div class=\"elementor-container elementor-column-gap-default\">\n\t\t\t\t\t<div class=\"elementor-column elementor-col-100 elementor-top-column elementor-element elementor-element-71a48789\" data-id=\"71a48789\" data-element_type=\"column\">\n\t\t\t<div class=\"elementor-widget-wrap\">\n\t\t\t\t\t\t\t<\/div>\n\t\t<\/div>\n\t\t\t\t\t<\/div>\n\t\t<\/section>\n\t\t\t\t<section class=\"elementor-section elementor-top-section elementor-element elementor-element-25ee7c8b elementor-section-boxed elementor-section-height-default elementor-section-height-default\" data-id=\"25ee7c8b\" data-element_type=\"section\">\n\t\t\t\t\t\t<div class=\"elementor-container elementor-column-gap-default\">\n\t\t\t\t\t<div class=\"elementor-column elementor-col-100 elementor-top-column elementor-element elementor-element-15ca5556\" data-id=\"15ca5556\" data-element_type=\"column\">\n\t\t\t<div class=\"elementor-widget-wrap elementor-element-populated\">\n\t\t\t\t\t\t<div class=\"elementor-element elementor-element-3b71c4c6 elementor-widget elementor-widget-heading\" data-id=\"3b71c4c6\" data-element_type=\"widget\" data-widget_type=\"heading.default\">\n\t\t\t\t<div class=\"elementor-widget-container\">\n\t\t\t\t\t<h1 class=\"elementor-heading-title elementor-size-default\">COSM\u00c9TICA DENTAL<\/h1>\t\t\t\t<\/div>\n\t\t\t\t<\/div>\n\t\t\t\t\t<\/div>\n\t\t<\/div>\n\t\t\t\t\t<\/div>\n\t\t<\/section>\n\t\t\t\t<section class=\"elementor-section elementor-top-section elementor-element elementor-element-3dad377d elementor-section-boxed elementor-section-height-default elementor-section-height-default\" data-id=\"3dad377d\" data-element_type=\"section\">\n\t\t\t\t\t\t<div class=\"elementor-container elementor-column-gap-default\">\n\t\t\t\t\t<div class=\"elementor-column elementor-col-100 elementor-top-column elementor-element elementor-element-6b1fe910\" data-id=\"6b1fe910\" data-element_type=\"column\">\n\t\t\t<div class=\"elementor-widget-wrap elementor-element-populated\">\n\t\t\t\t\t\t<div class=\"elementor-element elementor-element-55194257 elementor-widget elementor-widget-text-editor\" data-id=\"55194257\" data-element_type=\"widget\" data-widget_type=\"text-editor.default\">\n\t\t\t\t<div class=\"elementor-widget-container\">\n\t\t\t\t\t\t\t\t\tLa sonrisa es la caracter\u00edstica que m\u00e1s nos atrae en una cara. Gracias a grandes avances tecnol\u00f3gicos en la odontolog\u00eda, hoy en d\u00eda no estamos obligados a conformarnos con dientes manchados, desgastadas, mal formadas, separadas o api\u00f1adas.\t\t\t\t\t\t\t\t<\/div>\n\t\t\t\t<\/div>\n\t\t\t\t\t<\/div>\n\t\t<\/div>\n\t\t\t\t\t<\/div>\n\t\t<\/section>\n\t\t\t\t<section class=\"elementor-section elementor-top-section elementor-element elementor-element-5d2c0034 elementor-section-height-min-height elementor-hidden-phone elementor-section-boxed elementor-section-height-default elementor-section-items-middle\" data-id=\"5d2c0034\" data-element_type=\"section\" data-settings=\"{&quot;background_background&quot;:&quot;classic&quot;}\">\n\t\t\t\t\t\t<div class=\"elementor-container elementor-column-gap-default\">\n\t\t\t\t\t<div class=\"elementor-column elementor-col-50 elementor-top-column elementor-element elementor-element-5ec721c2\" data-id=\"5ec721c2\" data-element_type=\"column\">\n\t\t\t<div class=\"elementor-widget-wrap\">\n\t\t\t\t\t\t\t<\/div>\n\t\t<\/div>\n\t\t\t\t<div class=\"elementor-column elementor-col-50 elementor-top-column elementor-element elementor-element-18286e21\" data-id=\"18286e21\" data-element_type=\"column\">\n\t\t\t<div class=\"elementor-widget-wrap elementor-element-populated\">\n\t\t\t\t\t\t<div class=\"elementor-element elementor-element-4a70a6d5 elementor-widget elementor-widget-heading\" data-id=\"4a70a6d5\" data-element_type=\"widget\" data-widget_type=\"heading.default\">\n\t\t\t\t<div class=\"elementor-widget-container\">\n\t\t\t\t\t<h2 class=\"elementor-heading-title elementor-size-default\">FINANCIACI\u00d3N A MEDIDA 100% A 2 A\u00d1OS SIN INTERESES<\/h2>\t\t\t\t<\/div>\n\t\t\t\t<\/div>\n\t\t\t\t\t<\/div>\n\t\t<\/div>\n\t\t\t\t\t<\/div>\n\t\t<\/section>\n\t\t\t\t<section class=\"elementor-section elementor-top-section elementor-element elementor-element-4b5713b9 elementor-section-height-min-height elementor-hidden-desktop elementor-hidden-tablet elementor-section-boxed elementor-section-height-default elementor-section-items-middle\" data-id=\"4b5713b9\" data-element_type=\"section\" data-settings=\"{&quot;background_background&quot;:&quot;classic&quot;}\">\n\t\t\t\t\t\t\t<div class=\"elementor-background-overlay\"><\/div>\n\t\t\t\t\t\t\t<div class=\"elementor-container elementor-column-gap-default\">\n\t\t\t\t\t<div class=\"elementor-column elementor-col-50 elementor-top-column elementor-element elementor-element-575b43ae\" data-id=\"575b43ae\" data-element_type=\"column\">\n\t\t\t<div class=\"elementor-widget-wrap\">\n\t\t\t\t\t\t\t<\/div>\n\t\t<\/div>\n\t\t\t\t<div class=\"elementor-column elementor-col-50 elementor-top-column elementor-element elementor-element-4874f4a\" data-id=\"4874f4a\" data-element_type=\"column\">\n\t\t\t<div class=\"elementor-widget-wrap elementor-element-populated\">\n\t\t\t\t\t\t<div class=\"elementor-element elementor-element-7d8e054f elementor-widget elementor-widget-heading\" data-id=\"7d8e054f\" data-element_type=\"widget\" data-widget_type=\"heading.default\">\n\t\t\t\t<div class=\"elementor-widget-container\">\n\t\t\t\t\t<h2 class=\"elementor-heading-title elementor-size-default\">FINANCIACI\u00d3N A MEDIDA 100% A 2 A\u00d1OS SIN INTERESES<\/h2>\t\t\t\t<\/div>\n\t\t\t\t<\/div>\n\t\t\t\t\t<\/div>\n\t\t<\/div>\n\t\t\t\t\t<\/div>\n\t\t<\/section>\n\t\t\t\t<\/div>\n\t\t","protected":false},"excerpt":{"rendered":"<p>SERVICIO Y CALIDAD MERECEN LAS PRIORIDADES EN NUESTRA CONSULTA COSM\u00c9TICA DENTAL La sonrisa es la caracter\u00edstica que m\u00e1s nos atrae en una cara. Gracias a grandes avances tecnol\u00f3gicos en la odontolog\u00eda, hoy en d\u00eda no estamos obligados a conformarnos con dientes manchados, desgastadas, mal formadas, separadas o api\u00f1adas. FINANCIACI\u00d3N A MEDIDA 100% A 2 A\u00d1OS &#8230; <a title=\"COSM\u00c9TICA DENTAL\" class=\"read-more\" href=\"https:\/\/www.dentallinyola.com\/es\/especialidades\/cosmetica-dental\/\" aria-label=\"Leer m\u00e1s sobre COSM\u00c9TICA DENTAL\">Leer m\u00e1s<\/a><\/p>\n","protected":false},"author":1,"featured_media":0,"parent":234,"menu_order":4,"comment_status":"closed","ping_status":"closed","template":"","meta":{"footnotes":""},"class_list":["post-242","page","type-page","status-publish"],"yoast_head":"<!-- This site is optimized with the Yoast SEO plugin v26.4 - https:\/\/yoast.com\/wordpress\/plugins\/seo\/ -->\n<title>Dental Linyola - Cosm\u00e9tica dental<\/title>\n<meta name=\"description\" content=\"La sonrisa es la caracter\u00edstica que m\u00e1s nos atrae en una cara. Gracias a grandes adelantos tecnol\u00f3gicos en la odontolog\u00eda nuestros clientes est\u00e1n m\u00e1s seguros.\" \/>\n<meta name=\"robots\" content=\"index, follow, max-snippet:-1, max-image-preview:large, max-video-preview:-1\" \/>\n<link rel=\"canonical\" href=\"https:\/\/www.dentallinyola.com\/es\/especialidades\/cosmetica-dental\/\" \/>\n<meta property=\"og:locale\" content=\"es_ES\" \/>\n<meta property=\"og:type\" content=\"article\" \/>\n<meta property=\"og:title\" content=\"Dental Linyola - Cosm\u00e9tica dental\" \/>\n<meta property=\"og:description\" content=\"La sonrisa es la caracter\u00edstica que m\u00e1s nos atrae en una cara. Gracias a grandes adelantos tecnol\u00f3gicos en la odontolog\u00eda nuestros clientes est\u00e1n m\u00e1s seguros.\" \/>\n<meta property=\"og:url\" content=\"https:\/\/www.dentallinyola.com\/es\/especialidades\/cosmetica-dental\/\" \/>\n<meta property=\"og:site_name\" content=\"Dental Linyola\" \/>\n<meta property=\"article:modified_time\" content=\"2020-09-24T11:02:34+00:00\" \/>\n<meta name=\"twitter:card\" content=\"summary_large_image\" \/>\n<script type=\"application\/ld+json\" class=\"yoast-schema-graph\">{\"@context\":\"https:\/\/schema.org\",\"@graph\":[{\"@type\":\"WebPage\",\"@id\":\"https:\/\/www.dentallinyola.com\/es\/especialidades\/cosmetica-dental\/\",\"url\":\"https:\/\/www.dentallinyola.com\/es\/especialidades\/cosmetica-dental\/\",\"name\":\"Dental Linyola - Cosm\u00e9tica dental\",\"isPartOf\":{\"@id\":\"https:\/\/www.dentallinyola.com\/es\/#website\"},\"datePublished\":\"2019-12-31T07:46:32+00:00\",\"dateModified\":\"2020-09-24T11:02:34+00:00\",\"description\":\"La sonrisa es la caracter\u00edstica que m\u00e1s nos atrae en una cara. Gracias a grandes adelantos tecnol\u00f3gicos en la odontolog\u00eda nuestros clientes est\u00e1n m\u00e1s seguros.\",\"breadcrumb\":{\"@id\":\"https:\/\/www.dentallinyola.com\/es\/especialidades\/cosmetica-dental\/#breadcrumb\"},\"inLanguage\":\"es\",\"potentialAction\":[{\"@type\":\"ReadAction\",\"target\":[\"https:\/\/www.dentallinyola.com\/es\/especialidades\/cosmetica-dental\/\"]}]},{\"@type\":\"BreadcrumbList\",\"@id\":\"https:\/\/www.dentallinyola.com\/es\/especialidades\/cosmetica-dental\/#breadcrumb\",\"itemListElement\":[{\"@type\":\"ListItem\",\"position\":1,\"name\":\"Portada\",\"item\":\"https:\/\/www.dentallinyola.com\/es\/\"},{\"@type\":\"ListItem\",\"position\":2,\"name\":\"ESPECIALIDADES\",\"item\":\"https:\/\/www.dentallinyola.com\/es\/especialidades\/\"},{\"@type\":\"ListItem\",\"position\":3,\"name\":\"COSM\u00c9TICA DENTAL\"}]},{\"@type\":\"WebSite\",\"@id\":\"https:\/\/www.dentallinyola.com\/es\/#website\",\"url\":\"https:\/\/www.dentallinyola.com\/es\/\",\"name\":\"Dental Linyola\",\"description\":\"Otro sitio realizado con WordPress\",\"publisher\":{\"@id\":\"https:\/\/www.dentallinyola.com\/es\/#organization\"},\"potentialAction\":[{\"@type\":\"SearchAction\",\"target\":{\"@type\":\"EntryPoint\",\"urlTemplate\":\"https:\/\/www.dentallinyola.com\/es\/?s={search_term_string}\"},\"query-input\":{\"@type\":\"PropertyValueSpecification\",\"valueRequired\":true,\"valueName\":\"search_term_string\"}}],\"inLanguage\":\"es\"},{\"@type\":\"Organization\",\"@id\":\"https:\/\/www.dentallinyola.com\/es\/#organization\",\"name\":\"Dental Linyola\",\"url\":\"https:\/\/www.dentallinyola.com\/es\/\",\"logo\":{\"@type\":\"ImageObject\",\"inLanguage\":\"es\",\"@id\":\"https:\/\/www.dentallinyola.com\/es\/#\/schema\/logo\/image\/\",\"url\":\"https:\/\/www.dentallinyola.com\/es\/wp-content\/uploads\/sites\/2\/2019\/12\/Dental-Lintola-logo_Mesa-de-trabajo-1-min.png\",\"contentUrl\":\"https:\/\/www.dentallinyola.com\/es\/wp-content\/uploads\/sites\/2\/2019\/12\/Dental-Lintola-logo_Mesa-de-trabajo-1-min.png\",\"width\":430,\"height\":172,\"caption\":\"Dental Linyola\"},\"image\":{\"@id\":\"https:\/\/www.dentallinyola.com\/es\/#\/schema\/logo\/image\/\"}}]}<\/script>\n<!-- \/ Yoast SEO plugin. -->","yoast_head_json":{"title":"Dental Linyola - Cosm\u00e9tica dental","description":"La sonrisa es la caracter\u00edstica que m\u00e1s nos atrae en una cara. Gracias a grandes adelantos tecnol\u00f3gicos en la odontolog\u00eda nuestros clientes est\u00e1n m\u00e1s seguros.","robots":{"index":"index","follow":"follow","max-snippet":"max-snippet:-1","max-image-preview":"max-image-preview:large","max-video-preview":"max-video-preview:-1"},"canonical":"https:\/\/www.dentallinyola.com\/es\/especialidades\/cosmetica-dental\/","og_locale":"es_ES","og_type":"article","og_title":"Dental Linyola - Cosm\u00e9tica dental","og_description":"La sonrisa es la caracter\u00edstica que m\u00e1s nos atrae en una cara. Gracias a grandes adelantos tecnol\u00f3gicos en la odontolog\u00eda nuestros clientes est\u00e1n m\u00e1s seguros.","og_url":"https:\/\/www.dentallinyola.com\/es\/especialidades\/cosmetica-dental\/","og_site_name":"Dental Linyola","article_modified_time":"2020-09-24T11:02:34+00:00","twitter_card":"summary_large_image","schema":{"@context":"https:\/\/schema.org","@graph":[{"@type":"WebPage","@id":"https:\/\/www.dentallinyola.com\/es\/especialidades\/cosmetica-dental\/","url":"https:\/\/www.dentallinyola.com\/es\/especialidades\/cosmetica-dental\/","name":"Dental Linyola - Cosm\u00e9tica dental","isPartOf":{"@id":"https:\/\/www.dentallinyola.com\/es\/#website"},"datePublished":"2019-12-31T07:46:32+00:00","dateModified":"2020-09-24T11:02:34+00:00","description":"La sonrisa es la caracter\u00edstica que m\u00e1s nos atrae en una cara. Gracias a grandes adelantos tecnol\u00f3gicos en la odontolog\u00eda nuestros clientes est\u00e1n m\u00e1s seguros.","breadcrumb":{"@id":"https:\/\/www.dentallinyola.com\/es\/especialidades\/cosmetica-dental\/#breadcrumb"},"inLanguage":"es","potentialAction":[{"@type":"ReadAction","target":["https:\/\/www.dentallinyola.com\/es\/especialidades\/cosmetica-dental\/"]}]},{"@type":"BreadcrumbList","@id":"https:\/\/www.dentallinyola.com\/es\/especialidades\/cosmetica-dental\/#breadcrumb","itemListElement":[{"@type":"ListItem","position":1,"name":"Portada","item":"https:\/\/www.dentallinyola.com\/es\/"},{"@type":"ListItem","position":2,"name":"ESPECIALIDADES","item":"https:\/\/www.dentallinyola.com\/es\/especialidades\/"},{"@type":"ListItem","position":3,"name":"COSM\u00c9TICA DENTAL"}]},{"@type":"WebSite","@id":"https:\/\/www.dentallinyola.com\/es\/#website","url":"https:\/\/www.dentallinyola.com\/es\/","name":"Dental Linyola","description":"Otro sitio realizado con WordPress","publisher":{"@id":"https:\/\/www.dentallinyola.com\/es\/#organization"},"potentialAction":[{"@type":"SearchAction","target":{"@type":"EntryPoint","urlTemplate":"https:\/\/www.dentallinyola.com\/es\/?s={search_term_string}"},"query-input":{"@type":"PropertyValueSpecification","valueRequired":true,"valueName":"search_term_string"}}],"inLanguage":"es"},{"@type":"Organization","@id":"https:\/\/www.dentallinyola.com\/es\/#organization","name":"Dental Linyola","url":"https:\/\/www.dentallinyola.com\/es\/","logo":{"@type":"ImageObject","inLanguage":"es","@id":"https:\/\/www.dentallinyola.com\/es\/#\/schema\/logo\/image\/","url":"https:\/\/www.dentallinyola.com\/es\/wp-content\/uploads\/sites\/2\/2019\/12\/Dental-Lintola-logo_Mesa-de-trabajo-1-min.png","contentUrl":"https:\/\/www.dentallinyola.com\/es\/wp-content\/uploads\/sites\/2\/2019\/12\/Dental-Lintola-logo_Mesa-de-trabajo-1-min.png","width":430,"height":172,"caption":"Dental Linyola"},"image":{"@id":"https:\/\/www.dentallinyola.com\/es\/#\/schema\/logo\/image\/"}}]}},"_links":{"self":[{"href":"https:\/\/www.dentallinyola.com\/es\/wp-json\/wp\/v2\/pages\/242","targetHints":{"allow":["GET"]}}],"collection":[{"href":"https:\/\/www.dentallinyola.com\/es\/wp-json\/wp\/v2\/pages"}],"about":[{"href":"https:\/\/www.dentallinyola.com\/es\/wp-json\/wp\/v2\/types\/page"}],"author":[{"embeddable":true,"href":"https:\/\/www.dentallinyola.com\/es\/wp-json\/wp\/v2\/users\/1"}],"replies":[{"embeddable":true,"href":"https:\/\/www.dentallinyola.com\/es\/wp-json\/wp\/v2\/comments?post=242"}],"version-history":[{"count":16,"href":"https:\/\/www.dentallinyola.com\/es\/wp-json\/wp\/v2\/pages\/242\/revisions"}],"predecessor-version":[{"id":865,"href":"https:\/\/www.dentallinyola.com\/es\/wp-json\/wp\/v2\/pages\/242\/revisions\/865"}],"up":[{"embeddable":true,"href":"https:\/\/www.dentallinyola.com\/es\/wp-json\/wp\/v2\/pages\/234"}],"wp:attachment":[{"href":"https:\/\/www.dentallinyola.com\/es\/wp-json\/wp\/v2\/media?parent=242"}],"curies":[{"name":"wp","href":"https:\/\/api.w.org\/{rel}","templated":true}]}}