{"id":246,"date":"2019-12-31T07:47:54","date_gmt":"2019-12-31T07:47:54","guid":{"rendered":"https:\/\/www.dentallinyola.com\/wp\/?page_id=246"},"modified":"2020-09-24T11:03:54","modified_gmt":"2020-09-24T11:03:54","slug":"implantologia","status":"publish","type":"page","link":"https:\/\/www.dentallinyola.com\/es\/especialidades\/implantologia\/","title":{"rendered":"IMPLANTOLOG\u00cdA"},"content":{"rendered":"\t\t<div data-elementor-type=\"wp-page\" data-elementor-id=\"246\" class=\"elementor elementor-246\" data-elementor-post-type=\"page\">\n\t\t\t\t\t\t<section class=\"elementor-section elementor-top-section elementor-element elementor-element-63c104ee elementor-section-height-min-height elementor-hidden-phone elementor-hidden-tablet elementor-section-boxed elementor-section-height-default elementor-section-items-middle\" data-id=\"63c104ee\" data-element_type=\"section\" data-settings=\"{&quot;background_background&quot;:&quot;classic&quot;}\">\n\t\t\t\t\t\t\t<div class=\"elementor-background-overlay\"><\/div>\n\t\t\t\t\t\t\t<div class=\"elementor-container elementor-column-gap-default\">\n\t\t\t\t\t<div class=\"elementor-column elementor-col-50 elementor-top-column elementor-element elementor-element-763ed960\" data-id=\"763ed960\" data-element_type=\"column\">\n\t\t\t<div class=\"elementor-widget-wrap\">\n\t\t\t\t\t\t\t<\/div>\n\t\t<\/div>\n\t\t\t\t<div class=\"elementor-column elementor-col-50 elementor-top-column elementor-element elementor-element-67036e4a\" data-id=\"67036e4a\" data-element_type=\"column\">\n\t\t\t<div class=\"elementor-widget-wrap elementor-element-populated\">\n\t\t\t\t\t\t<div class=\"elementor-element elementor-element-ea135c0 elementor-widget elementor-widget-heading\" data-id=\"ea135c0\" data-element_type=\"widget\" data-widget_type=\"heading.default\">\n\t\t\t\t<div class=\"elementor-widget-container\">\n\t\t\t\t\t<h1 class=\"elementor-heading-title elementor-size-default\">SERVICIO Y CALIDAD <BR> MERECEN LAS <BR> PRIORIDADES EN <BR> NUESTRA <BR> CONSULTA<\/h1>\t\t\t\t<\/div>\n\t\t\t\t<\/div>\n\t\t\t\t\t<\/div>\n\t\t<\/div>\n\t\t\t\t\t<\/div>\n\t\t<\/section>\n\t\t\t\t<section class=\"elementor-section elementor-top-section elementor-element elementor-element-498890af elementor-section-height-min-height elementor-hidden-desktop elementor-section-boxed elementor-section-height-default elementor-section-items-middle\" data-id=\"498890af\" data-element_type=\"section\" data-settings=\"{&quot;background_background&quot;:&quot;classic&quot;}\">\n\t\t\t\t\t\t\t<div class=\"elementor-background-overlay\"><\/div>\n\t\t\t\t\t\t\t<div class=\"elementor-container elementor-column-gap-default\">\n\t\t\t\t\t<div class=\"elementor-column elementor-col-100 elementor-top-column elementor-element elementor-element-3e2e5ccf\" data-id=\"3e2e5ccf\" data-element_type=\"column\">\n\t\t\t<div class=\"elementor-widget-wrap\">\n\t\t\t\t\t\t\t<\/div>\n\t\t<\/div>\n\t\t\t\t\t<\/div>\n\t\t<\/section>\n\t\t\t\t<section class=\"elementor-section elementor-top-section elementor-element elementor-element-3eba587c elementor-section-boxed elementor-section-height-default elementor-section-height-default\" data-id=\"3eba587c\" data-element_type=\"section\">\n\t\t\t\t\t\t<div class=\"elementor-container elementor-column-gap-default\">\n\t\t\t\t\t<div class=\"elementor-column elementor-col-100 elementor-top-column elementor-element elementor-element-2df2e2be\" data-id=\"2df2e2be\" data-element_type=\"column\">\n\t\t\t<div class=\"elementor-widget-wrap elementor-element-populated\">\n\t\t\t\t\t\t<div class=\"elementor-element elementor-element-233f7ec6 elementor-widget elementor-widget-heading\" data-id=\"233f7ec6\" data-element_type=\"widget\" data-widget_type=\"heading.default\">\n\t\t\t\t<div class=\"elementor-widget-container\">\n\t\t\t\t\t<h1 class=\"elementor-heading-title elementor-size-default\">IMPLANTOLOG\u00cdA<\/h1>\t\t\t\t<\/div>\n\t\t\t\t<\/div>\n\t\t\t\t\t<\/div>\n\t\t<\/div>\n\t\t\t\t\t<\/div>\n\t\t<\/section>\n\t\t\t\t<section class=\"elementor-section elementor-top-section elementor-element elementor-element-496f8349 elementor-section-boxed elementor-section-height-default elementor-section-height-default\" data-id=\"496f8349\" data-element_type=\"section\">\n\t\t\t\t\t\t<div class=\"elementor-container elementor-column-gap-default\">\n\t\t\t\t\t<div class=\"elementor-column elementor-col-100 elementor-top-column elementor-element elementor-element-5c75dbe5\" data-id=\"5c75dbe5\" data-element_type=\"column\">\n\t\t\t<div class=\"elementor-widget-wrap elementor-element-populated\">\n\t\t\t\t\t\t<div class=\"elementor-element elementor-element-c48cb21 elementor-widget elementor-widget-text-editor\" data-id=\"c48cb21\" data-element_type=\"widget\" data-widget_type=\"text-editor.default\">\n\t\t\t\t<div class=\"elementor-widget-container\">\n\t\t\t\t\t\t\t\t\t<p>En la Cl\u00ednica Dental Linyola somos especialistas en implantolog\u00eda. En la consulta te haremos un estudio detallado de tu caso, mediante radiograf\u00edas y un estudio de tu historial para saber qu\u00e9 m\u00e9todo se adapta mejor a tus necesidades.<\/p><p>Los implantes consisten en la colocaci\u00f3n de una ra\u00edz de titanio en el interior del hueso maxilar o de la mand\u00edbula por medio de una peque\u00f1a intervenci\u00f3n. Sobre esta ra\u00edz podemos colocar, posterior o el mismo d\u00eda dependiendo de la t\u00e9cnica, la pieza dental.<\/p><p>Utilizamos los \u00faltimos avances tecnol\u00f3gicos para todos nuestros tratamientos, as\u00ed, estando por delante en la implantolog\u00eda utilizamos la \u00faltima t\u00e9cnica de tratamiento y planificaci\u00f3n NobelGuide \u2122.<\/p>\t\t\t\t\t\t\t\t<\/div>\n\t\t\t\t<\/div>\n\t\t\t\t\t<\/div>\n\t\t<\/div>\n\t\t\t\t\t<\/div>\n\t\t<\/section>\n\t\t\t\t<section class=\"elementor-section elementor-top-section elementor-element elementor-element-22e0f038 elementor-section-height-min-height elementor-hidden-phone elementor-section-boxed elementor-section-height-default elementor-section-items-middle\" data-id=\"22e0f038\" data-element_type=\"section\" data-settings=\"{&quot;background_background&quot;:&quot;classic&quot;}\">\n\t\t\t\t\t\t<div class=\"elementor-container elementor-column-gap-default\">\n\t\t\t\t\t<div class=\"elementor-column elementor-col-50 elementor-top-column elementor-element elementor-element-1f87a1fb\" data-id=\"1f87a1fb\" data-element_type=\"column\">\n\t\t\t<div class=\"elementor-widget-wrap\">\n\t\t\t\t\t\t\t<\/div>\n\t\t<\/div>\n\t\t\t\t<div class=\"elementor-column elementor-col-50 elementor-top-column elementor-element elementor-element-4ad0e568\" data-id=\"4ad0e568\" data-element_type=\"column\">\n\t\t\t<div class=\"elementor-widget-wrap elementor-element-populated\">\n\t\t\t\t\t\t<div class=\"elementor-element elementor-element-41118b9e elementor-widget elementor-widget-heading\" data-id=\"41118b9e\" data-element_type=\"widget\" data-widget_type=\"heading.default\">\n\t\t\t\t<div class=\"elementor-widget-container\">\n\t\t\t\t\t<h2 class=\"elementor-heading-title elementor-size-default\">FINANCIACI\u00d3N A MEDIDA 100% A 2 A\u00d1OS SIN INTERESES<\/h2>\t\t\t\t<\/div>\n\t\t\t\t<\/div>\n\t\t\t\t\t<\/div>\n\t\t<\/div>\n\t\t\t\t\t<\/div>\n\t\t<\/section>\n\t\t\t\t<section class=\"elementor-section elementor-top-section elementor-element elementor-element-4a58d904 elementor-section-height-min-height elementor-hidden-desktop elementor-hidden-tablet elementor-section-boxed elementor-section-height-default elementor-section-items-middle\" data-id=\"4a58d904\" data-element_type=\"section\" data-settings=\"{&quot;background_background&quot;:&quot;classic&quot;}\">\n\t\t\t\t\t\t\t<div class=\"elementor-background-overlay\"><\/div>\n\t\t\t\t\t\t\t<div class=\"elementor-container elementor-column-gap-default\">\n\t\t\t\t\t<div class=\"elementor-column elementor-col-50 elementor-top-column elementor-element elementor-element-4fe0dda9\" data-id=\"4fe0dda9\" data-element_type=\"column\">\n\t\t\t<div class=\"elementor-widget-wrap\">\n\t\t\t\t\t\t\t<\/div>\n\t\t<\/div>\n\t\t\t\t<div class=\"elementor-column elementor-col-50 elementor-top-column elementor-element elementor-element-2764be47\" data-id=\"2764be47\" data-element_type=\"column\">\n\t\t\t<div class=\"elementor-widget-wrap elementor-element-populated\">\n\t\t\t\t\t\t<div class=\"elementor-element elementor-element-75bad1ee elementor-widget elementor-widget-heading\" data-id=\"75bad1ee\" data-element_type=\"widget\" data-widget_type=\"heading.default\">\n\t\t\t\t<div class=\"elementor-widget-container\">\n\t\t\t\t\t<h2 class=\"elementor-heading-title elementor-size-default\">FINANCIACI\u00d3N A MEDIDA 100% A 2 A\u00d1OS SIN INTERESES<\/h2>\t\t\t\t<\/div>\n\t\t\t\t<\/div>\n\t\t\t\t\t<\/div>\n\t\t<\/div>\n\t\t\t\t\t<\/div>\n\t\t<\/section>\n\t\t\t\t<\/div>\n\t\t","protected":false},"excerpt":{"rendered":"<p>SERVICIO Y CALIDAD MERECEN LAS PRIORIDADES EN NUESTRA CONSULTA IMPLANTOLOG\u00cdA En la Cl\u00ednica Dental Linyola somos especialistas en implantolog\u00eda. En la consulta te haremos un estudio detallado de tu caso, mediante radiograf\u00edas y un estudio de tu historial para saber qu\u00e9 m\u00e9todo se adapta mejor a tus necesidades. Los implantes consisten en la colocaci\u00f3n de &#8230; <a title=\"IMPLANTOLOG\u00cdA\" class=\"read-more\" href=\"https:\/\/www.dentallinyola.com\/es\/especialidades\/implantologia\/\" aria-label=\"Leer m\u00e1s sobre IMPLANTOLOG\u00cdA\">Leer m\u00e1s<\/a><\/p>\n","protected":false},"author":1,"featured_media":0,"parent":234,"menu_order":6,"comment_status":"closed","ping_status":"closed","template":"","meta":{"footnotes":""},"class_list":["post-246","page","type-page","status-publish"],"yoast_head":"<!-- This site is optimized with the Yoast SEO plugin v26.4 - https:\/\/yoast.com\/wordpress\/plugins\/seo\/ -->\n<title>Dental Linyola - Servicio y calidad merecen las prioridades en nuestra consulta<\/title>\n<meta name=\"description\" content=\"A Dental Linyola somos especialistas en implantolog\u00eda. Hagamos un estudio detallado de tu caso para saber qu\u00e9 m\u00e9todo se adapta mejor a tus necesidades.\" \/>\n<meta name=\"robots\" content=\"index, follow, max-snippet:-1, max-image-preview:large, max-video-preview:-1\" \/>\n<link rel=\"canonical\" href=\"https:\/\/www.dentallinyola.com\/es\/especialidades\/implantologia\/\" \/>\n<meta property=\"og:locale\" content=\"es_ES\" \/>\n<meta property=\"og:type\" content=\"article\" \/>\n<meta property=\"og:title\" content=\"Dental Linyola - Servicio y calidad merecen las prioridades en nuestra consulta\" \/>\n<meta property=\"og:description\" content=\"A Dental Linyola somos especialistas en implantolog\u00eda. Hagamos un estudio detallado de tu caso para saber qu\u00e9 m\u00e9todo se adapta mejor a tus necesidades.\" \/>\n<meta property=\"og:url\" content=\"https:\/\/www.dentallinyola.com\/es\/especialidades\/implantologia\/\" \/>\n<meta property=\"og:site_name\" content=\"Dental Linyola\" \/>\n<meta property=\"article:modified_time\" content=\"2020-09-24T11:03:54+00:00\" \/>\n<meta name=\"twitter:card\" content=\"summary_large_image\" \/>\n<meta name=\"twitter:label1\" content=\"Tiempo de lectura\" \/>\n\t<meta name=\"twitter:data1\" content=\"1 minuto\" \/>\n<script type=\"application\/ld+json\" class=\"yoast-schema-graph\">{\"@context\":\"https:\/\/schema.org\",\"@graph\":[{\"@type\":\"WebPage\",\"@id\":\"https:\/\/www.dentallinyola.com\/es\/especialidades\/implantologia\/\",\"url\":\"https:\/\/www.dentallinyola.com\/es\/especialidades\/implantologia\/\",\"name\":\"Dental Linyola - Servicio y calidad merecen las prioridades en nuestra consulta\",\"isPartOf\":{\"@id\":\"https:\/\/www.dentallinyola.com\/es\/#website\"},\"datePublished\":\"2019-12-31T07:47:54+00:00\",\"dateModified\":\"2020-09-24T11:03:54+00:00\",\"description\":\"A Dental Linyola somos especialistas en implantolog\u00eda. Hagamos un estudio detallado de tu caso para saber qu\u00e9 m\u00e9todo se adapta mejor a tus necesidades.\",\"breadcrumb\":{\"@id\":\"https:\/\/www.dentallinyola.com\/es\/especialidades\/implantologia\/#breadcrumb\"},\"inLanguage\":\"es\",\"potentialAction\":[{\"@type\":\"ReadAction\",\"target\":[\"https:\/\/www.dentallinyola.com\/es\/especialidades\/implantologia\/\"]}]},{\"@type\":\"BreadcrumbList\",\"@id\":\"https:\/\/www.dentallinyola.com\/es\/especialidades\/implantologia\/#breadcrumb\",\"itemListElement\":[{\"@type\":\"ListItem\",\"position\":1,\"name\":\"Portada\",\"item\":\"https:\/\/www.dentallinyola.com\/es\/\"},{\"@type\":\"ListItem\",\"position\":2,\"name\":\"ESPECIALIDADES\",\"item\":\"https:\/\/www.dentallinyola.com\/es\/especialidades\/\"},{\"@type\":\"ListItem\",\"position\":3,\"name\":\"IMPLANTOLOG\u00cdA\"}]},{\"@type\":\"WebSite\",\"@id\":\"https:\/\/www.dentallinyola.com\/es\/#website\",\"url\":\"https:\/\/www.dentallinyola.com\/es\/\",\"name\":\"Dental Linyola\",\"description\":\"Otro sitio realizado con WordPress\",\"publisher\":{\"@id\":\"https:\/\/www.dentallinyola.com\/es\/#organization\"},\"potentialAction\":[{\"@type\":\"SearchAction\",\"target\":{\"@type\":\"EntryPoint\",\"urlTemplate\":\"https:\/\/www.dentallinyola.com\/es\/?s={search_term_string}\"},\"query-input\":{\"@type\":\"PropertyValueSpecification\",\"valueRequired\":true,\"valueName\":\"search_term_string\"}}],\"inLanguage\":\"es\"},{\"@type\":\"Organization\",\"@id\":\"https:\/\/www.dentallinyola.com\/es\/#organization\",\"name\":\"Dental Linyola\",\"url\":\"https:\/\/www.dentallinyola.com\/es\/\",\"logo\":{\"@type\":\"ImageObject\",\"inLanguage\":\"es\",\"@id\":\"https:\/\/www.dentallinyola.com\/es\/#\/schema\/logo\/image\/\",\"url\":\"https:\/\/www.dentallinyola.com\/es\/wp-content\/uploads\/sites\/2\/2019\/12\/Dental-Lintola-logo_Mesa-de-trabajo-1-min.png\",\"contentUrl\":\"https:\/\/www.dentallinyola.com\/es\/wp-content\/uploads\/sites\/2\/2019\/12\/Dental-Lintola-logo_Mesa-de-trabajo-1-min.png\",\"width\":430,\"height\":172,\"caption\":\"Dental Linyola\"},\"image\":{\"@id\":\"https:\/\/www.dentallinyola.com\/es\/#\/schema\/logo\/image\/\"}}]}<\/script>\n<!-- \/ Yoast SEO plugin. -->","yoast_head_json":{"title":"Dental Linyola - Servicio y calidad merecen las prioridades en nuestra consulta","description":"A Dental Linyola somos especialistas en implantolog\u00eda. Hagamos un estudio detallado de tu caso para saber qu\u00e9 m\u00e9todo se adapta mejor a tus necesidades.","robots":{"index":"index","follow":"follow","max-snippet":"max-snippet:-1","max-image-preview":"max-image-preview:large","max-video-preview":"max-video-preview:-1"},"canonical":"https:\/\/www.dentallinyola.com\/es\/especialidades\/implantologia\/","og_locale":"es_ES","og_type":"article","og_title":"Dental Linyola - Servicio y calidad merecen las prioridades en nuestra consulta","og_description":"A Dental Linyola somos especialistas en implantolog\u00eda. Hagamos un estudio detallado de tu caso para saber qu\u00e9 m\u00e9todo se adapta mejor a tus necesidades.","og_url":"https:\/\/www.dentallinyola.com\/es\/especialidades\/implantologia\/","og_site_name":"Dental Linyola","article_modified_time":"2020-09-24T11:03:54+00:00","twitter_card":"summary_large_image","twitter_misc":{"Tiempo de lectura":"1 minuto"},"schema":{"@context":"https:\/\/schema.org","@graph":[{"@type":"WebPage","@id":"https:\/\/www.dentallinyola.com\/es\/especialidades\/implantologia\/","url":"https:\/\/www.dentallinyola.com\/es\/especialidades\/implantologia\/","name":"Dental Linyola - Servicio y calidad merecen las prioridades en nuestra consulta","isPartOf":{"@id":"https:\/\/www.dentallinyola.com\/es\/#website"},"datePublished":"2019-12-31T07:47:54+00:00","dateModified":"2020-09-24T11:03:54+00:00","description":"A Dental Linyola somos especialistas en implantolog\u00eda. Hagamos un estudio detallado de tu caso para saber qu\u00e9 m\u00e9todo se adapta mejor a tus necesidades.","breadcrumb":{"@id":"https:\/\/www.dentallinyola.com\/es\/especialidades\/implantologia\/#breadcrumb"},"inLanguage":"es","potentialAction":[{"@type":"ReadAction","target":["https:\/\/www.dentallinyola.com\/es\/especialidades\/implantologia\/"]}]},{"@type":"BreadcrumbList","@id":"https:\/\/www.dentallinyola.com\/es\/especialidades\/implantologia\/#breadcrumb","itemListElement":[{"@type":"ListItem","position":1,"name":"Portada","item":"https:\/\/www.dentallinyola.com\/es\/"},{"@type":"ListItem","position":2,"name":"ESPECIALIDADES","item":"https:\/\/www.dentallinyola.com\/es\/especialidades\/"},{"@type":"ListItem","position":3,"name":"IMPLANTOLOG\u00cdA"}]},{"@type":"WebSite","@id":"https:\/\/www.dentallinyola.com\/es\/#website","url":"https:\/\/www.dentallinyola.com\/es\/","name":"Dental Linyola","description":"Otro sitio realizado con WordPress","publisher":{"@id":"https:\/\/www.dentallinyola.com\/es\/#organization"},"potentialAction":[{"@type":"SearchAction","target":{"@type":"EntryPoint","urlTemplate":"https:\/\/www.dentallinyola.com\/es\/?s={search_term_string}"},"query-input":{"@type":"PropertyValueSpecification","valueRequired":true,"valueName":"search_term_string"}}],"inLanguage":"es"},{"@type":"Organization","@id":"https:\/\/www.dentallinyola.com\/es\/#organization","name":"Dental Linyola","url":"https:\/\/www.dentallinyola.com\/es\/","logo":{"@type":"ImageObject","inLanguage":"es","@id":"https:\/\/www.dentallinyola.com\/es\/#\/schema\/logo\/image\/","url":"https:\/\/www.dentallinyola.com\/es\/wp-content\/uploads\/sites\/2\/2019\/12\/Dental-Lintola-logo_Mesa-de-trabajo-1-min.png","contentUrl":"https:\/\/www.dentallinyola.com\/es\/wp-content\/uploads\/sites\/2\/2019\/12\/Dental-Lintola-logo_Mesa-de-trabajo-1-min.png","width":430,"height":172,"caption":"Dental Linyola"},"image":{"@id":"https:\/\/www.dentallinyola.com\/es\/#\/schema\/logo\/image\/"}}]}},"_links":{"self":[{"href":"https:\/\/www.dentallinyola.com\/es\/wp-json\/wp\/v2\/pages\/246","targetHints":{"allow":["GET"]}}],"collection":[{"href":"https:\/\/www.dentallinyola.com\/es\/wp-json\/wp\/v2\/pages"}],"about":[{"href":"https:\/\/www.dentallinyola.com\/es\/wp-json\/wp\/v2\/types\/page"}],"author":[{"embeddable":true,"href":"https:\/\/www.dentallinyola.com\/es\/wp-json\/wp\/v2\/users\/1"}],"replies":[{"embeddable":true,"href":"https:\/\/www.dentallinyola.com\/es\/wp-json\/wp\/v2\/comments?post=246"}],"version-history":[{"count":17,"href":"https:\/\/www.dentallinyola.com\/es\/wp-json\/wp\/v2\/pages\/246\/revisions"}],"predecessor-version":[{"id":867,"href":"https:\/\/www.dentallinyola.com\/es\/wp-json\/wp\/v2\/pages\/246\/revisions\/867"}],"up":[{"embeddable":true,"href":"https:\/\/www.dentallinyola.com\/es\/wp-json\/wp\/v2\/pages\/234"}],"wp:attachment":[{"href":"https:\/\/www.dentallinyola.com\/es\/wp-json\/wp\/v2\/media?parent=246"}],"curies":[{"name":"wp","href":"https:\/\/api.w.org\/{rel}","templated":true}]}}