{"id":852,"date":"2020-09-24T09:48:14","date_gmt":"2020-09-24T09:48:14","guid":{"rendered":"https:\/\/www.dentallinyola.com\/wp\/es\/?page_id=852"},"modified":"2025-10-21T14:13:06","modified_gmt":"2025-10-21T14:13:06","slug":"politica-de-privacidad","status":"publish","type":"page","link":"https:\/\/www.dentallinyola.com\/es\/politica-de-privacidad\/","title":{"rendered":"POL\u00cdTICA DE PRIVACIDAD"},"content":{"rendered":"\t\t<div data-elementor-type=\"wp-page\" data-elementor-id=\"852\" class=\"elementor elementor-852\" data-elementor-post-type=\"page\">\n\t\t\t\t\t\t<section class=\"elementor-section elementor-top-section elementor-element elementor-element-6d33eb7 elementor-section-boxed elementor-section-height-default elementor-section-height-default\" data-id=\"6d33eb7\" data-element_type=\"section\">\n\t\t\t\t\t\t<div class=\"elementor-container elementor-column-gap-default\">\n\t\t\t\t\t<div class=\"elementor-column elementor-col-100 elementor-top-column elementor-element elementor-element-8bfc203\" data-id=\"8bfc203\" data-element_type=\"column\">\n\t\t\t<div class=\"elementor-widget-wrap elementor-element-populated\">\n\t\t\t\t\t\t<div class=\"elementor-element elementor-element-09a65fd elementor-widget elementor-widget-heading\" data-id=\"09a65fd\" data-element_type=\"widget\" data-widget_type=\"heading.default\">\n\t\t\t\t<div class=\"elementor-widget-container\">\n\t\t\t\t\t<h1 class=\"elementor-heading-title elementor-size-default\">POL\u00cdTICA DE PRIVACIDAD<\/h1>\t\t\t\t<\/div>\n\t\t\t\t<\/div>\n\t\t\t\t<div class=\"elementor-element elementor-element-bc10be7 elementor-widget elementor-widget-text-editor\" data-id=\"bc10be7\" data-element_type=\"widget\" data-widget_type=\"text-editor.default\">\n\t\t\t\t<div class=\"elementor-widget-container\">\n\t\t\t\t\t\t\t\t\t<p>Cuando precisemos obtener informaci\u00f3n por su parte, siempre le solicitaremos que nos la proporcione voluntariamente de forma expresa. Los datos recabados a trav\u00e9s de los formularios de recogida de datos del sitio web u otras v\u00edas ser\u00e1n incorporados a los sistemas de tratamiento de <strong>DENTAL LINYOLA,S.L.<\/strong><\/p><p>Esta entidad tratar\u00e1 los datos de forma confidencial y exclusivamente con la finalidad de ofrecer los servicios solicitados, con todas las garant\u00edas legales y de seguridad que impone el Reglamento (UE) 2016\/679 del Parlamento Europeo y del Consejo, de 27 de abril de 2016, relativo a la protecci\u00f3n de las personas f\u00edsicas en lo que respecta al tratamiento de datos personales y a la libre circulaci\u00f3n de estos datos\u00a0y la\u00a0Ley 34\/2002, de 11 de julio, de Servicios de la Sociedad de la Informaci\u00f3n y Comercio Electr\u00f3nico.<\/p><p><strong>\u00bfQui\u00e9n es el responsable de tratamiento de sus datos?<\/strong><\/p><ul><li>El responsable es <strong>DENTAL LINYOLA,S.L.<\/strong><\/li><li>Su CIF es: <strong>B25467002<\/strong><\/li><li>Su domicilio est\u00e1 en: <strong>C\/Salmeron n7, 1r 2a<\/strong> <strong>25240 Linyola<\/strong><\/li><li>Correo electr\u00f3nico<strong>: <a class=\"contact-value is-link\" href=\"mailto:administracio@dentalinyola.com\" data-v-9b79ec90=\"\">administracio@dentalinyola.com<\/a><\/strong><\/li><li>Registro mercantil\u00a0<strong>XXXXXXXXXXX<\/strong><\/li><\/ul><p>\u00a0<\/p><ul><li><strong>\u00bfCon que finalidad tratamos sus datos personales?<\/strong><\/li><\/ul><p>En <strong>DENTAL LINYOLA,S.L.<\/strong><strong>\u00a0<\/strong>tratamos la informaci\u00f3n que nos facilitan los interesados de manera leal, l\u00edcita y transparente dando cumplimiento a la normativa UE 2016\/679 de 27 de abril del Parlamento Europeo y del Consejo y Ley 3\/2018 de 5 de diciembre de Protecci\u00f3n de datos y garant\u00eda de derechos digitales.<\/p><p><strong><u>Si eres CLIENTE\/PACIENTE o USUARIO<\/u><\/strong>:<\/p><p>Si eres cliente\/paciente o usuario, trataremos las siguientes categor\u00edas de datos personales:<\/p><ul><li>Datos identificativos (nombre, apellidos, DNI\u2026)<\/li><li>Datos de contacto (correo electr\u00f3nico, WhatsApp\u2026)<\/li><li>Datos bancarios (n\u00famero de cuenta, tarjeta bancaria\u2026)<\/li><li>Datos econ\u00f3micos en caso de solicitar financiaci\u00f3n (n\u00f3mina, documentaci\u00f3n relativa a la solvencia econ\u00f3mica\u2026)<\/li><li>Datos de historia cl\u00ednica (salud, imagen\u2026)<\/li><li>Otros datos (facilitados por el interesado en formularios abiertos o comunicaciones)<\/li><\/ul><p>Tratamos tus datos con la finalidad de:<\/p><ul><li>Gestionar los servicios, informaci\u00f3n y\/o productos solicitados.<\/li><li>Realizar los tratamientos y seguimiento m\u00e9dico.<\/li><li>Enviar comunicaciones de inter\u00e9s (si el interesado hubiera prestado la debida autorizaci\u00f3n)<\/li><li>Cumplir las obligaciones legales aplicables al responsable.<\/li><\/ul><div>\u00a0<\/div><p><strong><u>Si eres EMPLEADO o SOLICITANTE DE EMPLEO<\/u><\/strong>:<\/p><p>Si eres empleado o solicitante\/candidato, trataremos las siguientes categor\u00edas de datos personales<\/p><ul><li>Datos identificativos (nombre, apellidos, DNI\u2026)<\/li><li>Datos incluidos en el curr\u00edculum vitae (Estudios, experiencia laboral, aficiones\u2026)<\/li><li>Datos de contacto (correo electr\u00f3nico, WhatsApp\u2026)<\/li><li>Datos bancarios (n\u00famero de cuenta, titular, mandato SEPA)<\/li><li>Imagen<\/li><li>Otros datos (facilitados por el interesado en formularios abiertos o comunicaciones)<\/li><\/ul><div>\u00a0<\/div><p>Tratamos tus datos con la finalidad de:<\/p><ul><li>Gestionar los derechos y obligaciones relativos a la relaci\u00f3n contractual.<\/li><li>Selecci\u00f3n de candidatos<\/li><li>Uso, reproducci\u00f3n o publicaci\u00f3n de imagen, nombre y voz (si el interesado hubiera prestado la debida autorizaci\u00f3n)<\/li><li>Cumplir las obligaciones legales de las empresas.<\/li><\/ul><div>\u00a0<\/div><p><strong><u>Si eres PROVEEDOR de nuestra empresa<\/u><\/strong>:<\/p><p>Si eres proveedor, trataremos las siguientes categor\u00edas de datos personales:<\/p><ul><li>Datos identificativos (nombre, apellidos, DNI\u2026)<\/li><li>Datos de contacto (correo electr\u00f3nico, WhatsApp\u2026)<\/li><li>Datos bancarios (n\u00famero de cuenta, facturaci\u00f3n\u2026)<\/li><li>Otros datos (facilitados por el interesado en formularios abiertos o comunicaciones)<\/li><\/ul><p>Tratamos tus datos con la finalidad de:<\/p><ul><li>Gesti\u00f3n administrativa, contable y fiscal.<\/li><li>Seguimiento y control de la relaci\u00f3n mercantil.<\/li><li>Cumplir las obligaciones legales de las empresa.<\/li><\/ul><div>\u00a0<\/div><ul><li><strong>\u00bfEstoy obligado a facilitar los datos personales?<\/strong><\/li><\/ul><p><strong>DENTAL LINYOLA,S.L. <\/strong>solo solicitar\u00e1 los datos estrictamente necesarios para la realizaci\u00f3n de la finalidad para la cual son recabados, por lo que en caso de no ser facilitados no podr\u00e1 prestarse el servicio solicitado.<\/p><ul><li><strong>\u00bfPor cu\u00e1nto tiempo conservaremos sus datos?<\/strong><\/li><\/ul><p>Los datos personales proporcionados y obtenidos durante la relaci\u00f3n entre el interesado y <strong>DENTAL LINYOLA,S.L.<\/strong><strong>\u00a0<\/strong>ser\u00e1n conservados durante un plazo m\u00e1ximo de 5 a\u00f1os a partir de la \u00faltima confirmaci\u00f3n de inter\u00e9s o mientras nos obligue una previsi\u00f3n legal, en cuyo caso ser\u00e1n conservados debidamente bloqueados y eliminados cuando no sea necesario.\u00a0<\/p><ul><li><strong>\u00bfCu\u00e1l es la legitimaci\u00f3n para el tratamiento de sus datos?<\/strong><\/li><\/ul><p>En cumplimiento del art\u00edculo 6.1 del Reglamento UE 2016\/679 de 27 de abril le informamos que la legitimaci\u00f3n para el tratamiento de sus datos es la siguiente:<\/p><ol><li><em>el interesado dio su consentimiento para el tratamiento de sus datos personales para uno o varios fines espec\u00edficos y\/o<\/em><\/li><li><em>el tratamiento es necesario para el cumplimiento de una obligaci\u00f3n legal aplicable al responsable del tratamiento y\/o<\/em><\/li><li><em>el tratamiento es necesario para la satisfacci\u00f3n de intereses leg\u00edtimos perseguidos por el responsable del tratamiento o por un tercero, siempre que sobre dichos intereses no prevalezcan los intereses o los derechos y libertades fundamentales del interesado que requieran la protecci\u00f3n de datos personales, en particular cuando el interesado sea un ni\u00f1o.<\/em><\/li><\/ol><p><strong>\u00a0<\/strong><\/p><ul><li><strong>\u00bfA qu\u00e9 destinatarios se comunicar\u00e1n sus datos?<\/strong><\/li><\/ul><p>Los datos tratados por <strong>DENTAL LINYOLA,S.L <\/strong>podr\u00e1n ser comunicados a terceros cuando as\u00ed nos obligue una previsi\u00f3n legal.<\/p><p>Asimismo <strong>DENTAL LINYOLA,S.L.<\/strong>\u00a0cuenta con proveedores de servicios para los cuales es necesario realizar comunicaci\u00f3n de datos en diferentes \u00e1reas empresariales (administraci\u00f3n, contabilidad, fiscalidad, marketing, laboral\u2026). La relaci\u00f3n con estas empresas est\u00e1 regulada seg\u00fan el art\u00edculo 28 del Reglamento UE 2016\/679 de 27 de abril del Parlamento Europeo y del Consejo (RGPD). Los datos accedidos desde dichas empresas solo ser\u00e1n utilizados para el fin empresarial necesario no siendo conservados para cualquier fin ulterior.<\/p><ul><li><strong>\u00bfCu\u00e1les son sus derechos cuando nos facilita sus datos?<\/strong><\/li><\/ul><p>Cualquier interesado tiene derecho a obtener confirmaci\u00f3n sobre si en <strong>DENTAL LINYOLA,S.L.<\/strong>\u00a0estamos tratando los datos personales que le conciernan o no.<\/p><p>Las personas interesadas tienen derecho a acceder a sus datos personales, as\u00ed como solicitar la rectificaci\u00f3n de datos inexactos o, en su caso, solicitar su supresi\u00f3n cuando, entre otros motivos, los datos ya no sea necesarios para los fines para los que fueron recogidos.<\/p><p>En determinadas circunstancias, los interesados podr\u00e1n solicitar la limitaci\u00f3n del tratamiento de sus datos, en cuyo caso \u00fanicamente los conservaremos para el ejercicio o la defensa de reclamaciones.\u00a0 Los usuarios tambi\u00e9n podr\u00e1n oponerse al tratamiento de sus datos.<strong>DENTAL LINYOLA,S.L. <\/strong>dejar\u00e1 de tratar los datos, salvo por motivos leg\u00edtimos imperiosos, o en el ejercicio o defensa de reclamaciones.<\/p><p>El usuario puede enviar un escrito a <strong>DENTAL LINYOLA,S.L.,<\/strong>\u00a0al domicilio del responsable, o bien por medio de un correo electr\u00f3nico indicado en el encabezado de la presente Pol\u00edtica, adjuntando fotocopia de su documento de identidad, en cualquier momento y de manera gratuita, para:<\/p><ul><li>Revocar los consentimientos otorgados.<\/li><li>Obtener confirmaci\u00f3n acerca de si se est\u00e1n tratando datos personales que conciernen al Usuario o no.<\/li><li>Acceder a sus datos personales.<\/li><li>Rectificar los datos inexactos o incompletos.<\/li><li>Solicitar la supresi\u00f3n de sus datos cuando, entre otros motivos, los datos ya no sean necesarios para los fines que fueron recogidos.<\/li><li>Obtener de la limitaci\u00f3n del tratamiento de los datos cuando se cumpla alguna de las condiciones previstas en la normativa de protecci\u00f3n de datos.<\/li><li>Solicitar la portabilidad de tus datos.<\/li><li>Ponerse en contacto con el DPO de <strong>DENTAL LINYOLA,S.L.<\/strong><\/li><li>Interponer una reclamaci\u00f3n en la autoridad de control (<a href=\"http:\/\/www.aepd.es\/\" target=\"_blank\" rel=\"noopener\">www.aepd.es<\/a>) en caso de considerar vulnerados los derechos que le son reconocidos por la normativa aplicable en protecci\u00f3n de datos.<\/li><\/ul><div>\u00a0<\/div><p><strong>DENTAL LINYOLA,S.L. <\/strong>adopta los niveles de seguridad correspondientes requeridos por la citada\u00a0normativa de Protecci\u00f3n de Datos de Car\u00e1cter Personal\u00a0y dem\u00e1s normativa aplicable. Dichos niveles de seguridad son obligados para aquellas entidades que accedan a nuestra informaci\u00f3n en virtud de una relaci\u00f3n contractual y\/o prestaci\u00f3n de servicio, en aplicaci\u00f3n del art\u00edculo 28 del Reglamento UE 2016\/679 (RGPD)<\/p><p>No obstante, no asume ninguna responsabilidad por los da\u00f1os y perjuicios derivados de alteraciones que terceros pueden causar en los sistemas inform\u00e1ticos, documentos electr\u00f3nicos o ficheros del usuario.<\/p><p>Se\u00a0podr\u00e1n utilizar cookies durante la prestaci\u00f3n de servicios del sitio web. Las cookies son ficheros f\u00edsicos de informaci\u00f3n personal alojados en el propio terminal del usuario. El usuario tiene la posibilidad de configurar su programa navegador de manera que se impida la creaci\u00f3n de archivos cookie o se advierta de la misma. Revise nuestra pol\u00edtica de cookies a trav\u00e9s del enlace que encontrar\u00e1 en esta web.<\/p><p>Si opta a abandonar nuestro sitio web a trav\u00e9s de enlaces a sitios web no pertenecientes a nuestra entidad, <strong>DENTAL LINYOLA,S.L.<\/strong><strong>\u00a0<\/strong>no se har\u00e1 responsable de las pol\u00edticas de privacidad de dichos sitios web ni de las cookies que \u00e9stos puedan almacenar en el ordenador del usuario.<\/p><p>Nuestra pol\u00edtica con respecto al correo electr\u00f3nico se centra en remitir \u00fanicamente comunicaciones que usted haya solicitado recibir.<\/p><p>Si prefiere no recibir estos mensajes por correo electr\u00f3nico le ofreceremos a trav\u00e9s de los mismos la posibilidad de ejercer su derecho de cancelaci\u00f3n y renuncia a la recepci\u00f3n de estos mensajes, en conformidad con lo dispuesto en el\u00a0T\u00edtulo III, art\u00edculo 22 de la Ley 34\/2002 de Servicios para la Sociedad de la Informaci\u00f3n y de Comercio Electr\u00f3nico.<\/p>\t\t\t\t\t\t\t\t<\/div>\n\t\t\t\t<\/div>\n\t\t\t\t\t<\/div>\n\t\t<\/div>\n\t\t\t\t\t<\/div>\n\t\t<\/section>\n\t\t\t\t<\/div>\n\t\t","protected":false},"excerpt":{"rendered":"<p>POL\u00cdTICA DE PRIVACIDAD Cuando precisemos obtener informaci\u00f3n por su parte, siempre le solicitaremos que nos la proporcione voluntariamente de forma expresa. Los datos recabados a trav\u00e9s de los formularios de recogida de datos del sitio web u otras v\u00edas ser\u00e1n incorporados a los sistemas de tratamiento de DENTAL LINYOLA,S.L. Esta entidad tratar\u00e1 los datos de &#8230; <a title=\"POL\u00cdTICA DE PRIVACIDAD\" class=\"read-more\" href=\"https:\/\/www.dentallinyola.com\/es\/politica-de-privacidad\/\" aria-label=\"Leer m\u00e1s sobre POL\u00cdTICA DE PRIVACIDAD\">Leer m\u00e1s<\/a><\/p>\n","protected":false},"author":2,"featured_media":0,"parent":0,"menu_order":8,"comment_status":"closed","ping_status":"closed","template":"","meta":{"footnotes":""},"class_list":["post-852","page","type-page","status-publish"],"yoast_head":"<!-- This site is optimized with the Yoast SEO plugin v26.4 - https:\/\/yoast.com\/wordpress\/plugins\/seo\/ -->\n<title>POL\u00cdTICA DE PRIVACIDAD - Dental Linyola<\/title>\n<meta name=\"robots\" content=\"index, follow, max-snippet:-1, max-image-preview:large, max-video-preview:-1\" \/>\n<link rel=\"canonical\" href=\"https:\/\/www.dentallinyola.com\/es\/politica-de-privacidad\/\" \/>\n<meta property=\"og:locale\" content=\"es_ES\" \/>\n<meta property=\"og:type\" content=\"article\" \/>\n<meta property=\"og:title\" content=\"POL\u00cdTICA DE PRIVACIDAD - Dental Linyola\" \/>\n<meta property=\"og:description\" content=\"POL\u00cdTICA DE PRIVACIDAD Cuando precisemos obtener informaci\u00f3n por su parte, siempre le solicitaremos que nos la proporcione voluntariamente de forma expresa. Los datos recabados a trav\u00e9s de los formularios de recogida de datos del sitio web u otras v\u00edas ser\u00e1n incorporados a los sistemas de tratamiento de DENTAL LINYOLA,S.L. Esta entidad tratar\u00e1 los datos de ... Leer m\u00e1s\" \/>\n<meta property=\"og:url\" content=\"https:\/\/www.dentallinyola.com\/es\/politica-de-privacidad\/\" \/>\n<meta property=\"og:site_name\" content=\"Dental Linyola\" \/>\n<meta property=\"article:modified_time\" content=\"2025-10-21T14:13:06+00:00\" \/>\n<meta name=\"twitter:card\" content=\"summary_large_image\" \/>\n<meta name=\"twitter:label1\" content=\"Tiempo de lectura\" \/>\n\t<meta name=\"twitter:data1\" content=\"7 minutos\" \/>\n<script type=\"application\/ld+json\" class=\"yoast-schema-graph\">{\"@context\":\"https:\/\/schema.org\",\"@graph\":[{\"@type\":\"WebPage\",\"@id\":\"https:\/\/www.dentallinyola.com\/es\/politica-de-privacidad\/\",\"url\":\"https:\/\/www.dentallinyola.com\/es\/politica-de-privacidad\/\",\"name\":\"POL\u00cdTICA DE PRIVACIDAD - Dental Linyola\",\"isPartOf\":{\"@id\":\"https:\/\/www.dentallinyola.com\/es\/#website\"},\"datePublished\":\"2020-09-24T09:48:14+00:00\",\"dateModified\":\"2025-10-21T14:13:06+00:00\",\"breadcrumb\":{\"@id\":\"https:\/\/www.dentallinyola.com\/es\/politica-de-privacidad\/#breadcrumb\"},\"inLanguage\":\"es\",\"potentialAction\":[{\"@type\":\"ReadAction\",\"target\":[\"https:\/\/www.dentallinyola.com\/es\/politica-de-privacidad\/\"]}]},{\"@type\":\"BreadcrumbList\",\"@id\":\"https:\/\/www.dentallinyola.com\/es\/politica-de-privacidad\/#breadcrumb\",\"itemListElement\":[{\"@type\":\"ListItem\",\"position\":1,\"name\":\"Portada\",\"item\":\"https:\/\/www.dentallinyola.com\/es\/\"},{\"@type\":\"ListItem\",\"position\":2,\"name\":\"POL\u00cdTICA DE PRIVACIDAD\"}]},{\"@type\":\"WebSite\",\"@id\":\"https:\/\/www.dentallinyola.com\/es\/#website\",\"url\":\"https:\/\/www.dentallinyola.com\/es\/\",\"name\":\"Dental Linyola\",\"description\":\"Otro sitio realizado con WordPress\",\"publisher\":{\"@id\":\"https:\/\/www.dentallinyola.com\/es\/#organization\"},\"potentialAction\":[{\"@type\":\"SearchAction\",\"target\":{\"@type\":\"EntryPoint\",\"urlTemplate\":\"https:\/\/www.dentallinyola.com\/es\/?s={search_term_string}\"},\"query-input\":{\"@type\":\"PropertyValueSpecification\",\"valueRequired\":true,\"valueName\":\"search_term_string\"}}],\"inLanguage\":\"es\"},{\"@type\":\"Organization\",\"@id\":\"https:\/\/www.dentallinyola.com\/es\/#organization\",\"name\":\"Dental Linyola\",\"url\":\"https:\/\/www.dentallinyola.com\/es\/\",\"logo\":{\"@type\":\"ImageObject\",\"inLanguage\":\"es\",\"@id\":\"https:\/\/www.dentallinyola.com\/es\/#\/schema\/logo\/image\/\",\"url\":\"https:\/\/www.dentallinyola.com\/es\/wp-content\/uploads\/sites\/2\/2019\/12\/Dental-Lintola-logo_Mesa-de-trabajo-1-min.png\",\"contentUrl\":\"https:\/\/www.dentallinyola.com\/es\/wp-content\/uploads\/sites\/2\/2019\/12\/Dental-Lintola-logo_Mesa-de-trabajo-1-min.png\",\"width\":430,\"height\":172,\"caption\":\"Dental Linyola\"},\"image\":{\"@id\":\"https:\/\/www.dentallinyola.com\/es\/#\/schema\/logo\/image\/\"}}]}<\/script>\n<!-- \/ Yoast SEO plugin. -->","yoast_head_json":{"title":"POL\u00cdTICA DE PRIVACIDAD - Dental Linyola","robots":{"index":"index","follow":"follow","max-snippet":"max-snippet:-1","max-image-preview":"max-image-preview:large","max-video-preview":"max-video-preview:-1"},"canonical":"https:\/\/www.dentallinyola.com\/es\/politica-de-privacidad\/","og_locale":"es_ES","og_type":"article","og_title":"POL\u00cdTICA DE PRIVACIDAD - Dental Linyola","og_description":"POL\u00cdTICA DE PRIVACIDAD Cuando precisemos obtener informaci\u00f3n por su parte, siempre le solicitaremos que nos la proporcione voluntariamente de forma expresa. Los datos recabados a trav\u00e9s de los formularios de recogida de datos del sitio web u otras v\u00edas ser\u00e1n incorporados a los sistemas de tratamiento de DENTAL LINYOLA,S.L. Esta entidad tratar\u00e1 los datos de ... Leer m\u00e1s","og_url":"https:\/\/www.dentallinyola.com\/es\/politica-de-privacidad\/","og_site_name":"Dental Linyola","article_modified_time":"2025-10-21T14:13:06+00:00","twitter_card":"summary_large_image","twitter_misc":{"Tiempo de lectura":"7 minutos"},"schema":{"@context":"https:\/\/schema.org","@graph":[{"@type":"WebPage","@id":"https:\/\/www.dentallinyola.com\/es\/politica-de-privacidad\/","url":"https:\/\/www.dentallinyola.com\/es\/politica-de-privacidad\/","name":"POL\u00cdTICA DE PRIVACIDAD - Dental Linyola","isPartOf":{"@id":"https:\/\/www.dentallinyola.com\/es\/#website"},"datePublished":"2020-09-24T09:48:14+00:00","dateModified":"2025-10-21T14:13:06+00:00","breadcrumb":{"@id":"https:\/\/www.dentallinyola.com\/es\/politica-de-privacidad\/#breadcrumb"},"inLanguage":"es","potentialAction":[{"@type":"ReadAction","target":["https:\/\/www.dentallinyola.com\/es\/politica-de-privacidad\/"]}]},{"@type":"BreadcrumbList","@id":"https:\/\/www.dentallinyola.com\/es\/politica-de-privacidad\/#breadcrumb","itemListElement":[{"@type":"ListItem","position":1,"name":"Portada","item":"https:\/\/www.dentallinyola.com\/es\/"},{"@type":"ListItem","position":2,"name":"POL\u00cdTICA DE PRIVACIDAD"}]},{"@type":"WebSite","@id":"https:\/\/www.dentallinyola.com\/es\/#website","url":"https:\/\/www.dentallinyola.com\/es\/","name":"Dental Linyola","description":"Otro sitio realizado con WordPress","publisher":{"@id":"https:\/\/www.dentallinyola.com\/es\/#organization"},"potentialAction":[{"@type":"SearchAction","target":{"@type":"EntryPoint","urlTemplate":"https:\/\/www.dentallinyola.com\/es\/?s={search_term_string}"},"query-input":{"@type":"PropertyValueSpecification","valueRequired":true,"valueName":"search_term_string"}}],"inLanguage":"es"},{"@type":"Organization","@id":"https:\/\/www.dentallinyola.com\/es\/#organization","name":"Dental Linyola","url":"https:\/\/www.dentallinyola.com\/es\/","logo":{"@type":"ImageObject","inLanguage":"es","@id":"https:\/\/www.dentallinyola.com\/es\/#\/schema\/logo\/image\/","url":"https:\/\/www.dentallinyola.com\/es\/wp-content\/uploads\/sites\/2\/2019\/12\/Dental-Lintola-logo_Mesa-de-trabajo-1-min.png","contentUrl":"https:\/\/www.dentallinyola.com\/es\/wp-content\/uploads\/sites\/2\/2019\/12\/Dental-Lintola-logo_Mesa-de-trabajo-1-min.png","width":430,"height":172,"caption":"Dental Linyola"},"image":{"@id":"https:\/\/www.dentallinyola.com\/es\/#\/schema\/logo\/image\/"}}]}},"_links":{"self":[{"href":"https:\/\/www.dentallinyola.com\/es\/wp-json\/wp\/v2\/pages\/852","targetHints":{"allow":["GET"]}}],"collection":[{"href":"https:\/\/www.dentallinyola.com\/es\/wp-json\/wp\/v2\/pages"}],"about":[{"href":"https:\/\/www.dentallinyola.com\/es\/wp-json\/wp\/v2\/types\/page"}],"author":[{"embeddable":true,"href":"https:\/\/www.dentallinyola.com\/es\/wp-json\/wp\/v2\/users\/2"}],"replies":[{"embeddable":true,"href":"https:\/\/www.dentallinyola.com\/es\/wp-json\/wp\/v2\/comments?post=852"}],"version-history":[{"count":6,"href":"https:\/\/www.dentallinyola.com\/es\/wp-json\/wp\/v2\/pages\/852\/revisions"}],"predecessor-version":[{"id":1139,"href":"https:\/\/www.dentallinyola.com\/es\/wp-json\/wp\/v2\/pages\/852\/revisions\/1139"}],"wp:attachment":[{"href":"https:\/\/www.dentallinyola.com\/es\/wp-json\/wp\/v2\/media?parent=852"}],"curies":[{"name":"wp","href":"https:\/\/api.w.org\/{rel}","templated":true}]}}